{"id":2542,"date":"2015-05-04T10:11:31","date_gmt":"2015-05-04T09:11:31","guid":{"rendered":"http:\/\/www.projektakademien.se\/pa\/?page_id=2542"},"modified":"2020-05-07T05:46:55","modified_gmt":"2020-05-07T04:46:55","slug":"eriksson-per-erik","status":"publish","type":"page","link":"https:\/\/www.projektakademien.se\/pa\/ledamoter\/eriksson-per-erik\/","title":{"rendered":"Per Erik Eriksson"},"content":{"rendered":"<table border=\"0\" cellspacing=\"0\" cellpadding=\"0\">\n<tbody>\n<tr>\n<td align=\"left\" valign=\"top\" width=\"300\">\n<h3>Per Erik Eriksson<\/h3>\n<p>Professor<br \/>\nLule\u00e5 Tekniska Universitet<\/p>\n<p>G\u00e4stprofessor<br \/>\nKTH<\/p>\n<p><strong>Telefon<\/strong> 0920 &#8211; 493 058<\/p>\n<p><strong>E-post <a href=\"mailto:pererik.eriksson@ltu.se\">pererik.eriksson@ltu.se<\/a><\/strong><\/td>\n<td align=\"right\" valign=\"top\" width=\"300\"><a href=\"https:\/\/www.projektakademien.se\/pa\/wp-content\/uploads\/2020\/04\/PEE-maj-2019-portr\u00e4tt.jpg\"><img loading=\"lazy\" class=\"size-full wp-image-4522 aligncenter\" src=\"https:\/\/www.projektakademien.se\/pa\/wp-content\/uploads\/2020\/04\/PEE-maj-2019-portr\u00e4tt.jpg\" alt=\"\" width=\"200\" height=\"200\" srcset=\"https:\/\/www.projektakademien.se\/pa\/wp-content\/uploads\/2020\/04\/PEE-maj-2019-portr\u00e4tt.jpg 200w, https:\/\/www.projektakademien.se\/pa\/wp-content\/uploads\/2020\/04\/PEE-maj-2019-portr\u00e4tt-150x150.jpg 150w\" sizes=\"(max-width: 200px) 100vw, 200px\" \/><\/a><\/td>\n<\/tr>\n<tr>\n<td colspan=\"2\" width=\"600\" height=\"20\">&nbsp;<\/td>\n<\/tr>\n<\/tbody>\n<\/table>\n<p><strong>Bakgrund<\/strong> Per Erik Eriksson har civilingenj\u00f6rsexamen inom v\u00e4g och vatten och magisterexamen inom f\u00f6retagsekonomi fr\u00e5n Lule\u00e5 tekniska universitet (LTU). Efter examen 2001 b\u00f6rjade han som doktorand vid LTU 2002 och 2007 disputerade han inom \u00e4mnet industriell organisation med avhandlingen: \u201cEfficient Governance of Construction Projects through Cooperative Procurement Procedures\u201d. Efter fortsatt forskning om upphandling av byggprojekt blev Per Erik docent i industriell organisation 2010. D\u00e4refter breddades forskningen och har sedan dess alltmer \u00e4ven handlat om innovation och l\u00e4rande i projektbaserad verksamhet, fr\u00e4mst inom byggbranschen. Per Erik blev professor i industriell organisation, med inriktning inom byggproduktion, 2014. Per Erik bor sedan 2010 i Stockholm men arbetar fortfarande vid LTU. Sedan 2018 \u00e4r han \u00e4ven g\u00e4stprofessor vid KTH.<\/p>\n<p><strong>Inriktning <\/strong>Per Eriks forskning fokuserar p\u00e5 den projektbaserade byggbranschen, fr\u00e4mst med fokus p\u00e5 upphandling av byggprojekt samt innovation och l\u00e4rande inom och mellan byggprojekt. En stor del av forskningen sker i samarbete med Trafikverket som \u00e4r den st\u00f6rsta best\u00e4llaren av byggprojekt i Sverige.<\/p>\n<p><strong>Speciella intressen<\/strong> Samverkansinriktade upphandlingsstrategier, balans mellan kortsiktig effektivitet och l\u00e5ngsiktig innovation, kunskapsgenerering och \u2013spridning inom och mellan projekt och projektbaserade organisationer.<\/p>\n","protected":false},"excerpt":{"rendered":"<p>Per Erik Eriksson Professor Lule\u00e5 Tekniska Universitet G\u00e4stprofessor KTH Telefon 0920 &#8211; 493 058 E-post pererik.eriksson@ltu.se &nbsp; Bakgrund Per Erik Eriksson har civilingenj\u00f6rsexamen inom v\u00e4g och vatten och magisterexamen inom f\u00f6retagsekonomi fr\u00e5n Lule\u00e5 tekniska universitet (LTU). Efter examen 2001 b\u00f6rjade han som doktorand vid LTU 2002 och 2007 disputerade han inom \u00e4mnet industriell organisation med [&hellip;]<\/p>\n","protected":false},"author":1,"featured_media":0,"parent":88,"menu_order":0,"comment_status":"open","ping_status":"open","template":"","meta":{"ngg_post_thumbnail":0},"categories":[1],"tags":[],"_links":{"self":[{"href":"https:\/\/www.projektakademien.se\/pa\/wp-json\/wp\/v2\/pages\/2542"}],"collection":[{"href":"https:\/\/www.projektakademien.se\/pa\/wp-json\/wp\/v2\/pages"}],"about":[{"href":"https:\/\/www.projektakademien.se\/pa\/wp-json\/wp\/v2\/types\/page"}],"author":[{"embeddable":true,"href":"https:\/\/www.projektakademien.se\/pa\/wp-json\/wp\/v2\/users\/1"}],"replies":[{"embeddable":true,"href":"https:\/\/www.projektakademien.se\/pa\/wp-json\/wp\/v2\/comments?post=2542"}],"version-history":[{"count":8,"href":"https:\/\/www.projektakademien.se\/pa\/wp-json\/wp\/v2\/pages\/2542\/revisions"}],"predecessor-version":[{"id":4630,"href":"https:\/\/www.projektakademien.se\/pa\/wp-json\/wp\/v2\/pages\/2542\/revisions\/4630"}],"up":[{"embeddable":true,"href":"https:\/\/www.projektakademien.se\/pa\/wp-json\/wp\/v2\/pages\/88"}],"wp:attachment":[{"href":"https:\/\/www.projektakademien.se\/pa\/wp-json\/wp\/v2\/media?parent=2542"}],"wp:term":[{"taxonomy":"category","embeddable":true,"href":"https:\/\/www.projektakademien.se\/pa\/wp-json\/wp\/v2\/categories?post=2542"},{"taxonomy":"post_tag","embeddable":true,"href":"https:\/\/www.projektakademien.se\/pa\/wp-json\/wp\/v2\/tags?post=2542"}],"curies":[{"name":"wp","href":"https:\/\/api.w.org\/{rel}","templated":true}]}}