{"id":2516,"date":"2015-04-16T20:47:18","date_gmt":"2015-04-16T19:47:18","guid":{"rendered":"http:\/\/www.projektakademien.se\/pa\/?page_id=2516"},"modified":"2019-10-07T16:15:21","modified_gmt":"2019-10-07T15:15:21","slug":"tina-karrbom-gustavsson","status":"publish","type":"page","link":"https:\/\/www.projektakademien.se\/pa\/ledamoter\/tina-karrbom-gustavsson\/","title":{"rendered":"Karrbom Gustavsson, Tina"},"content":{"rendered":"<table border=\"0\" cellspacing=\"0\" cellpadding=\"0\">\n<tbody>\n<tr>\n<td align=\"left\" valign=\"top\" width=\"300\">\n<h3>Tina Karrbom Gustavsson<\/h3>\n<p style=\"font-weight: 400;\">Professor<\/p>\n<p style=\"font-weight: 400;\">KTH Fastigheter och byggande<\/p>\n<p style=\"font-weight: 400;\">Stockholm<\/p>\n<p><strong>E-post <a href=\"mailto:tina.karrbom@abe.kth.se\">tina.karrbom@abe.kth.se<\/a><\/strong><\/td>\n<td align=\"right\" valign=\"top\" width=\"300\"><a href=\"http:\/\/www.projektakademien.se\/pa\/wp-content\/uploads\/2019\/10\/Tina_LInkedin_1sv.jpg\"><img loading=\"lazy\" class=\"alignnone size-medium wp-image-4116\" src=\"http:\/\/www.projektakademien.se\/pa\/wp-content\/uploads\/2019\/10\/Tina_LInkedin_1sv-300x300.jpg\" alt=\"\" width=\"300\" height=\"300\" srcset=\"https:\/\/www.projektakademien.se\/pa\/wp-content\/uploads\/2019\/10\/Tina_LInkedin_1sv-300x300.jpg 300w, https:\/\/www.projektakademien.se\/pa\/wp-content\/uploads\/2019\/10\/Tina_LInkedin_1sv-150x150.jpg 150w, https:\/\/www.projektakademien.se\/pa\/wp-content\/uploads\/2019\/10\/Tina_LInkedin_1sv-570x570.jpg 570w, https:\/\/www.projektakademien.se\/pa\/wp-content\/uploads\/2019\/10\/Tina_LInkedin_1sv-380x380.jpg 380w, https:\/\/www.projektakademien.se\/pa\/wp-content\/uploads\/2019\/10\/Tina_LInkedin_1sv-285x285.jpg 285w, https:\/\/www.projektakademien.se\/pa\/wp-content\/uploads\/2019\/10\/Tina_LInkedin_1sv.jpg 591w\" sizes=\"(max-width: 300px) 100vw, 300px\" \/><\/a><\/td>\n<\/tr>\n<tr>\n<td colspan=\"2\" width=\"600\" height=\"20\">&nbsp;<\/td>\n<\/tr>\n<\/tbody>\n<\/table>\n<p><strong>Bakgrund:<\/strong><\/p>\n<p>Tina Karrbom Gustavsson har l\u00e5ng erfarenhet av forskning, utbildning och samverkan inom projekt och projektledning. Hon \u00e4r civilingenj\u00f6r och doktorerade p\u00e5 KTH 2006 p\u00e5 en avhandling om kommunikation och organisering i tempor\u00e4ra organisationer. Efter doktorsexamen genomf\u00f6rde Tina studier i multiprojektleding och \u201dproject overload\u201d i industriella utvecklingsprojekt. D\u00e4refter arbetade Tina som utvecklingsdirekt\u00f6r i Huddinge med fokus p\u00e5 stadsutveckling. Sedan 2010 arbetar hon p\u00e5 KTH Fastigheter och byggande med forskning, utbildning och samverkan inom byggprojektledning och projektkommunikation. Tillsammans med Anette Hallin har hon skrivit boken \u201dProjektledning\u201d som kom ut i en tredje utg\u00e5va \u00e5r 2019 p\u00e5 Liber. \u00c5r 2019 blev hon professor i projektkommunikation.<\/p>\n<p><strong>Speciella intressen:<\/strong> Projektkommunikation, projektledning och upphandling.<\/p>\n","protected":false},"excerpt":{"rendered":"<p>Tina Karrbom Gustavsson Professor KTH Fastigheter och byggande Stockholm E-post tina.karrbom@abe.kth.se &nbsp; Bakgrund: Tina Karrbom Gustavsson har l\u00e5ng erfarenhet av forskning, utbildning och samverkan inom projekt och projektledning. Hon \u00e4r civilingenj\u00f6r och doktorerade p\u00e5 KTH 2006 p\u00e5 en avhandling om kommunikation och organisering i tempor\u00e4ra organisationer. Efter doktorsexamen genomf\u00f6rde Tina studier i multiprojektleding och \u201dproject [&hellip;]<\/p>\n","protected":false},"author":1,"featured_media":0,"parent":88,"menu_order":0,"comment_status":"open","ping_status":"open","template":"","meta":{"ngg_post_thumbnail":0},"categories":[1],"tags":[],"_links":{"self":[{"href":"https:\/\/www.projektakademien.se\/pa\/wp-json\/wp\/v2\/pages\/2516"}],"collection":[{"href":"https:\/\/www.projektakademien.se\/pa\/wp-json\/wp\/v2\/pages"}],"about":[{"href":"https:\/\/www.projektakademien.se\/pa\/wp-json\/wp\/v2\/types\/page"}],"author":[{"embeddable":true,"href":"https:\/\/www.projektakademien.se\/pa\/wp-json\/wp\/v2\/users\/1"}],"replies":[{"embeddable":true,"href":"https:\/\/www.projektakademien.se\/pa\/wp-json\/wp\/v2\/comments?post=2516"}],"version-history":[{"count":11,"href":"https:\/\/www.projektakademien.se\/pa\/wp-json\/wp\/v2\/pages\/2516\/revisions"}],"predecessor-version":[{"id":4117,"href":"https:\/\/www.projektakademien.se\/pa\/wp-json\/wp\/v2\/pages\/2516\/revisions\/4117"}],"up":[{"embeddable":true,"href":"https:\/\/www.projektakademien.se\/pa\/wp-json\/wp\/v2\/pages\/88"}],"wp:attachment":[{"href":"https:\/\/www.projektakademien.se\/pa\/wp-json\/wp\/v2\/media?parent=2516"}],"wp:term":[{"taxonomy":"category","embeddable":true,"href":"https:\/\/www.projektakademien.se\/pa\/wp-json\/wp\/v2\/categories?post=2516"},{"taxonomy":"post_tag","embeddable":true,"href":"https:\/\/www.projektakademien.se\/pa\/wp-json\/wp\/v2\/tags?post=2516"}],"curies":[{"name":"wp","href":"https:\/\/api.w.org\/{rel}","templated":true}]}}