{"id":250,"date":"2010-04-08T20:33:18","date_gmt":"2010-04-08T19:33:18","guid":{"rendered":"http:\/\/www.projektakademien.se\/pa\/?page_id=250"},"modified":"2025-12-11T07:35:26","modified_gmt":"2025-12-11T06:35:26","slug":"om-uppsatstavlingen","status":"publish","type":"page","link":"https:\/\/www.projektakademien.se\/pa\/utmarkelser\/uppsatstavling\/om-uppsatstavlingen\/","title":{"rendered":"Om uppsatspriset"},"content":{"rendered":"<p>[information in English below]<\/p>\n<p>Svenska ProjektAkademien har till uppgift att fr\u00e4mja utveckling och till\u00e4mpning av projektarbetsformen i svenskt arbetsliv. Som ett led i dessa str\u00e4vanden utlyser akademien ett \u00e5rligt uppsatspris f\u00f6r studerande som framg\u00e5ngsrikt f\u00f6rsvarat ett examensarbete (motsvarande kandidat\/magister, bachelor\/master eller C\/D-uppsats) som belyser fr\u00e5gor av relevans f\u00f6r projekt, projektledning och projektbaserade verksamheter. Uppsatserna bed\u00f6ms av en jury best\u00e5ende av representanter fr\u00e5n b\u00e5de n\u00e4ringsliv och h\u00f6gskolor\/universitet som finns representerade i akademien.<\/p>\n<p><strong>De uppsatser som kan komma ifr\u00e5ga skall belysa fr\u00e5gor av relevans f\u00f6r projekt, projektledning och projektbaserade verksamheter.<\/strong><\/p>\n<p>Det handlar s\u00e5ledes om ett relativt brett kunskapsomr\u00e5de d\u00e4r ber\u00f6ringspunkten till temat projekt \u00e4r det centrala. Det finns ingen begr\u00e4nsning till n\u00e5gra specifika akademiska \u00e4mnen eller forskningsf\u00e4lt.<\/p>\n<p>Deadline f\u00f6r 2026 \u00e5rs uppsatspris \u00e4r den 31 januari 2026, vilket inneb\u00e4r att uppsatsen normalt skall ha godk\u00e4nts vid ett svenskt universitet eller h\u00f6gskola under perioden januari 2025 \u2013 januari 2026). Alla uppsatser som skickas in deltar automatiskt i t\u00e4vlingen. Uppsatserna kan vara skrivna p\u00e5 svenska eller engelska och vara f\u00f6rfattade av av s\u00e5v\u00e4l svenska som utl\u00e4ndska studenter.<\/p>\n<p>Deltagande i t\u00e4vlingen sker normalt genom att uppsatsf\u00f6rfattarna sj\u00e4lv skickar in sina rapporter, men det g\u00e5r naturligtvis \u00e4ven bra f\u00f6r handledare eller andra l\u00e4rare att g\u00f6ra det \u00e5 f\u00f6rfattarnas v\u00e4gnar. S\u00e4nd uppsatsen i pdf-format till Johann Packendorff, professor vid KTH och ledamot av t\u00e4vlingsjuryn, p\u00e5 adress &nbsp;<a href=\"mailto:johann@kth.se\" target=\"_blank\" rel=\"noopener noreferrer\">johann@kth.se<\/a> senast den 31 januari 2026. Uppsatser som godk\u00e4nns fr o m februari 2026 kan skickas in l\u00f6pande, och kommer d\u00e5 att ing\u00e5 i 2027 \u00e5rs uppsatst\u00e4vling.<\/p>\n<p>Juryn bed\u00f6mer inledningsvis kvaliteten och relevansen hos varje uppsats i relation till ProjektAkademiens intresseomr\u00e5den, varvid ett antal finalister utses. Finalisterna bed\u00f6ms sedan utifr\u00e5n uppsatsernas aktualitet, metodens l\u00e4mplighet, spr\u00e5klig kvalitet, teoretiskt\/vetenskapligt bidrag samt praktisk relevans.<\/p>\n<p>Prissumman \u00e4r totalt 10 000 kr som utbetalas i form av ett stipendium till f\u00f6rfattaren\/-na av den vinnande uppsatsen. Utdelning av uppsatspriset \u00e4ger rum i samband med ProjektAkademiens h\u00f6gtidsdag eller \u00e5rsm\u00f6te. Fr\u00e5n och med 2017 \u00e5rs pris utdelas inga hedersomn\u00e4mnanden, men s\u00e5v\u00e4l finalisterna som den slutliga vinnaren presenteras utf\u00f6rligt p\u00e5 Akademiens webbplats. Juryns beslut kan ej \u00f6verklagas.<\/p>\n<p>Eventuella fr\u00e5gor besvaras Johann Packendorff via mail, <a href=\"mailto:johann@kth.se \">johann@kth.se <\/a><\/p>\n<p><strong>INFORMATION IN ENGLISH<\/strong><\/p>\n<p>The Swedish Project Academy has the mission to promote the development and application of project-based work in Swedish working life. As part of these efforts, the academy announces an annual thesis award for students who have successfully defended a degree thesis (equivalent to bachelor\u2019s\/master\u2019s level, or C\/D-level thesis) that addresses issues relevant to projects, project management, and project-based organizations. The theses are evaluated by a jury consisting of representatives from both industry and universities\/colleges represented in the academy.<\/p>\n<p>Eligible theses should address issues relevant to projects, project management, and project-based organizations.<\/p>\n<p>This represents a relatively broad field of knowledge where the connection to the project theme is central. There are no restrictions to specific academic subjects or research fields.<\/p>\n<p>The deadline for the 2026 thesis award is January 31, 2026, which means the thesis should normally have been approved at a Swedish university or college during the period January 2025 \u2013 January 2026. All submitted theses automatically participate in the competition. Theses may be written in Swedish or English and authored by both Swedish and international students.<\/p>\n<p>Participation in the competition normally occurs through thesis authors submitting their reports themselves, but supervisors or other teachers are naturally also welcome to do so on behalf of the authors. Send the thesis in PDF format to Johann Packendorff, professor at KTH and member of the competition jury, at <a href=\"mailto:johann@kth.se\">johann@kth.se<\/a> no later than January 31, 2026. Theses approved from February 2026 onwards can be submitted on a rolling basis and will then be included in the 2027 thesis competition.<\/p>\n<p>The jury initially assesses the quality and relevance of each thesis in relation to the Project Academy\u2019s areas of interest, after which a number of finalists are selected. The finalists are then evaluated based on the theses\u2019 topicality, appropriateness of method, linguistic quality, theoretical\/scientific contribution, and practical relevance.<\/p>\n<p>The prize amount is a total of 10,000 SEK paid as a scholarship to the author(s) of the winning thesis. The thesis award is presented in connection with the Project Academy\u2019s ceremonial day or annual meeting. Since the 2017 award, no honorable mentions are given, but both the finalists and the final winner are presented in detail on the Academy\u2019s website. The jury\u2019s decision cannot be appealed.<\/p>\n<p>Any questions are answered by Johann Packendorff via email, <a href=\"mailto:johann@kth.se\">johann@kth.se\u200b\u200b\u200b\u200b\u200b\u200b\u200b\u200b\u200b\u200b\u200b\u200b\u200b\u200b\u200b\u200b<\/a><\/p>\n","protected":false},"excerpt":{"rendered":"<p>[information in English below] Svenska ProjektAkademien har till uppgift att fr\u00e4mja utveckling och till\u00e4mpning av projektarbetsformen i svenskt arbetsliv. Som ett led i dessa str\u00e4vanden utlyser akademien ett \u00e5rligt uppsatspris f\u00f6r studerande som framg\u00e5ngsrikt f\u00f6rsvarat ett examensarbete (motsvarande kandidat\/magister, bachelor\/master eller C\/D-uppsats) som belyser fr\u00e5gor av relevans f\u00f6r projekt, projektledning och projektbaserade verksamheter. Uppsatserna bed\u00f6ms [&hellip;]<\/p>\n","protected":false},"author":1,"featured_media":5064,"parent":141,"menu_order":1,"comment_status":"open","ping_status":"open","template":"","meta":{"ngg_post_thumbnail":0},"categories":[1],"tags":[],"_links":{"self":[{"href":"https:\/\/www.projektakademien.se\/pa\/wp-json\/wp\/v2\/pages\/250"}],"collection":[{"href":"https:\/\/www.projektakademien.se\/pa\/wp-json\/wp\/v2\/pages"}],"about":[{"href":"https:\/\/www.projektakademien.se\/pa\/wp-json\/wp\/v2\/types\/page"}],"author":[{"embeddable":true,"href":"https:\/\/www.projektakademien.se\/pa\/wp-json\/wp\/v2\/users\/1"}],"replies":[{"embeddable":true,"href":"https:\/\/www.projektakademien.se\/pa\/wp-json\/wp\/v2\/comments?post=250"}],"version-history":[{"count":45,"href":"https:\/\/www.projektakademien.se\/pa\/wp-json\/wp\/v2\/pages\/250\/revisions"}],"predecessor-version":[{"id":7395,"href":"https:\/\/www.projektakademien.se\/pa\/wp-json\/wp\/v2\/pages\/250\/revisions\/7395"}],"up":[{"embeddable":true,"href":"https:\/\/www.projektakademien.se\/pa\/wp-json\/wp\/v2\/pages\/141"}],"wp:featuredmedia":[{"embeddable":true,"href":"https:\/\/www.projektakademien.se\/pa\/wp-json\/wp\/v2\/media\/5064"}],"wp:attachment":[{"href":"https:\/\/www.projektakademien.se\/pa\/wp-json\/wp\/v2\/media?parent=250"}],"wp:term":[{"taxonomy":"category","embeddable":true,"href":"https:\/\/www.projektakademien.se\/pa\/wp-json\/wp\/v2\/categories?post=250"},{"taxonomy":"post_tag","embeddable":true,"href":"https:\/\/www.projektakademien.se\/pa\/wp-json\/wp\/v2\/tags?post=250"}],"curies":[{"name":"wp","href":"https:\/\/api.w.org\/{rel}","templated":true}]}}