{"id":207,"date":"2010-04-07T21:00:23","date_gmt":"2010-04-07T20:00:23","guid":{"rendered":"http:\/\/www.projektakademien.se\/pa\/?page_id=207"},"modified":"2025-08-08T08:33:30","modified_gmt":"2025-08-08T07:33:30","slug":"bakgrund-och-kriterier","status":"publish","type":"page","link":"https:\/\/www.projektakademien.se\/pa\/utmarkelser\/arets-projektledare\/bakgrund-och-kriterier\/","title":{"rendered":"Nominering till \u00c5rets Projektledare"},"content":{"rendered":"<h3>Nominering till \u00c5rets projektledare<\/h3>\n<p>Sedan 1995 delar Svenska ProjektAkademien ut utm\u00e4rkelsen \u00c5rets projektledare till personer som gjort utomordentliga projektledarg\u00e4rningar. Akademien g\u00f6r bed\u00f6mningen efter ledarskapets utf\u00f6rande, resultatet av genomf\u00f6rd verksamhet, projektets omfattning och komplexitet samt nyt\u00e4nkande i projektarbetet. F\u00f6r fullst\u00e4ndiga kriterier och nomineringsblankett, se nedan p\u00e5 denna sida.<\/p>\n<p>Nomineringen av kandidater till \u00c5rets Projektledare 2025 har startat. Du nominerar genom att skicka in en motivering&nbsp; baserat p\u00e5 kriterierna antingen via formul\u00e4ret nedan eller till n\u00e5gon av personerna i utskottet. Det r\u00e4cker med 1-2 A4-sidor. Slutdatum f\u00f6r nomineringar till 2025 \u00e5rs pris \u00e4r den 1 september. D\u00e4refter vidtar en urvalsprocess d\u00e4r vi kommer kontakta de personer som skickat in nomineringen. \u00c5rets Projektledare 2025 kommer offentligg\u00f6ras p\u00e5 eventet Projektn\u00e4ring under h\u00f6sten.<\/p>\n<p><a href=\"https:\/\/www.projektakademien.se\/pa\/wp-content\/uploads\/2024\/08\/NomineringBlankett_AretsProjektledare.doc\">Ladda ned nomineringsblanketten h\u00e4r!<\/a><\/p>\n<p><strong>I utskottet f\u00f6r \u00c5rets Projektledare ing\u00e5r:<\/strong><br>Anna Jerbrant (sammankallande), 08-790 67 85, anna.jerbrant@projektakademien.se<br>Johannes Morelius<br>Annika Zika-Viktorsson<br>Beatriz Espinosa Arronte<br>Karin Appelgren<br>Henrik Jutbring<br>Richard Wiedenkeller<\/p>\n<p>Vid utseende av \u00c5rets Projektledare g\u00e4ller i f\u00f6rsta hand f\u00f6ljande fyra kriterier, vilka alla b\u00f6r vara uppfyllda med god marginal (Om s\u00e4rskilda sk\u00e4l f\u00f6religger kan flera personer i ett projekt nomineras):<\/p>\n<p><strong>1. Ledarskapets ut\u00f6vande<\/strong><br>H\u00e4rmed avses att kandidaten skall ha varit den f\u00f6r projektet utsedda och i verkligheten fungerande projektledaren, allts\u00e5 b\u00e5de legal och legitim ledare f\u00f6r projektet. Kandidaten skall ha varit projektets ledare \u00e5tminstone under de avg\u00f6rande och mest betydelsefulla faserna av projektet.<br>Kandidaten skall ha dokumenterat gott s\u00e5v\u00e4l personligt som administrativt ledarskap, vilket b\u00f6r intygas av projektets best\u00e4llare och av medarbetare p\u00e5 olika niv\u00e5er.<br><strong><br>2. Resultat av genomf\u00f6rd verksamhet<\/strong><br>H\u00e4rmed avses att s\u00e5v\u00e4l projektet som objektet\/resultatet av projektet skall ha dokumenterats vara lyckade.<br>Projektet b\u00f6r ha n\u00e5tt sina m\u00e5l p\u00e5 ett s\u00e5dant s\u00e4tt att best\u00e4llaren \u00e4r uttalat n\u00f6jd och dessutom utf\u00f6rts s\u00e5 att medarbetarna anser att arbetet med projektet var stimulerande och utvecklande utan att det lett till privata komplikationer som utbr\u00e4ndhet, familjeproblem etc.<br>Objektet, dvs resultatet av projektet, skall uppfylla och helst \u00f6vertr\u00e4ffa best\u00e4llares och brukares f\u00f6rv\u00e4ntningar vad avser kvalitet, pris\/prestanda relation, l\u00f6nsamhet etc. Normalt kr\u00e4ver denna bed\u00f6mning att tillr\u00e4cklig tid f\u00f6rl\u00f6pt efter projektets avslutande.<\/p>\n<p><strong>3. Projektets omfattning och komplexitet<\/strong><br>Projektet b\u00f6r vara relativt stort m\u00e4tt i ekonomiska m\u00e5tt eller mantid och i kalendertid.<br>Projektorganisationen b\u00f6r best\u00e5 av medlemmar fr\u00e5n flera organisationsenheter\/milj\u00f6er. Projektet b\u00f6r kr\u00e4va kompetens fr\u00e5n flera kunskapsomr\u00e5den och \u00e4ven ber\u00f6ra flera intressenter. Helst b\u00f6r projektets objekt inneb\u00e4ra eller kr\u00e4va nyt\u00e4nkande och kreativitet.<br><strong><br>4. Nyt\u00e4nkande i projektarbetet<\/strong><br>H\u00e4rmed avses nyt\u00e4nkande i ledning och genomf\u00f6rande av projektarbetet inte t ex tekniskt nyt\u00e4nkande vid utformning av objektet \u00e4ven om detta givetvis enligt ovan \u00e4r ett plus.<br>Kandidaten b\u00f6r i sin ledning av projektet ha utvecklat och anv\u00e4nt metod(er) som bidrar till att utveckla projektformen och f\u00f6ra denna fram\u00e5t s\u00e5v\u00e4l allm\u00e4nt som i verksamheten.<\/p>\n<p>Du nominerar genom nomineringssblanketten eller formul\u00e4ret nedan. Underlaget skickas senast den 1 september.<\/p>\n<p><a href=\"https:\/\/www.projektakademien.se\/pa\/wp-content\/uploads\/2024\/08\/NomineringBlankett_AretsProjektledare.doc\">Ladda ned nomineringsblanketten h\u00e4r!<\/a><\/p>\n\n<div role=\"form\" class=\"wpcf7\" id=\"wpcf7-f5044-o1\" lang=\"sv-SE\" dir=\"ltr\">\n<div class=\"screen-reader-response\"><p role=\"status\" aria-live=\"polite\" aria-atomic=\"true\"><\/p> <ul><\/ul><\/div>\n<form action=\"\/pa\/wp-json\/wp\/v2\/pages\/207#wpcf7-f5044-o1\" method=\"post\" class=\"wpcf7-form init\" novalidate=\"novalidate\" data-status=\"init\">\n<div style=\"display: none;\">\n<input type=\"hidden\" name=\"_wpcf7\" value=\"5044\" \/>\n<input type=\"hidden\" name=\"_wpcf7_version\" value=\"5.4\" \/>\n<input type=\"hidden\" name=\"_wpcf7_locale\" value=\"sv_SE\" \/>\n<input type=\"hidden\" name=\"_wpcf7_unit_tag\" value=\"wpcf7-f5044-o1\" \/>\n<input type=\"hidden\" name=\"_wpcf7_container_post\" value=\"0\" \/>\n<input type=\"hidden\" name=\"_wpcf7_posted_data_hash\" value=\"\" \/>\n<\/div>\n<p><label><br> Ditt namn:<br \/>\n    <span class=\"wpcf7-form-control-wrap your-name\"><input type=\"text\" name=\"your-name\" value=\"\" size=\"40\" class=\"wpcf7-form-control wpcf7-text wpcf7-validates-as-required\" aria-required=\"true\" aria-invalid=\"false\" \/><\/span> <\/label><\/p>\n<p><label><br> Din adress:<br \/>\n    <span class=\"wpcf7-form-control-wrap adress\"><input type=\"text\" name=\"adress\" value=\"\" size=\"40\" class=\"wpcf7-form-control wpcf7-text wpcf7-validates-as-required\" aria-required=\"true\" aria-invalid=\"false\" \/><\/span> <\/label><\/p>\n<p><label><br> Din e-post:<br \/>\n    <span class=\"wpcf7-form-control-wrap your-email\"><input type=\"email\" name=\"your-email\" value=\"\" size=\"40\" class=\"wpcf7-form-control wpcf7-text wpcf7-email wpcf7-validates-as-required wpcf7-validates-as-email\" aria-required=\"true\" aria-invalid=\"false\" \/><\/span> <\/label><\/p>\n<p><label><br> Ditt telefonnummer:<br \/>\n    <span class=\"wpcf7-form-control-wrap telefon\"><input type=\"text\" name=\"telefon\" value=\"\" size=\"40\" class=\"wpcf7-form-control wpcf7-text wpcf7-validates-as-required\" aria-required=\"true\" aria-invalid=\"false\" \/><\/span> <\/label><\/p>\n<p><label><br> F\u00f6retag \/ Organisation:<br \/>\n    <span class=\"wpcf7-form-control-wrap organisation\"><input type=\"text\" name=\"organisation\" value=\"\" size=\"40\" class=\"wpcf7-form-control wpcf7-text wpcf7-validates-as-required\" aria-required=\"true\" aria-invalid=\"false\" \/><\/span> <\/label><\/p>\n<p><label><br> Kort beskrivning av projektet:<br \/>\n    <span class=\"wpcf7-form-control-wrap your-project\"><textarea name=\"your-project\" cols=\"40\" rows=\"10\" class=\"wpcf7-form-control wpcf7-textarea wpcf7-validates-as-required\" aria-required=\"true\" aria-invalid=\"false\"><\/textarea><\/span> <\/label><\/p>\n<p><label><br> Referenspersonernas namn, telefonnummer samt mailadress (inkl. den som nominerar):<br \/>\n    <span class=\"wpcf7-form-control-wrap referenser\"><textarea name=\"referenser\" cols=\"40\" rows=\"10\" class=\"wpcf7-form-control wpcf7-textarea wpcf7-validates-as-required\" aria-required=\"true\" aria-invalid=\"false\"><\/textarea><\/span> <\/label><\/p>\n<p><label><br> Kort motivering med h\u00e4nsyn taget till beskrivna kriterier:<br \/>\n<br>1. Ledarskapets ut\u00f6vande<br \/>\n<br>2. Resultat av genomf\u00f6rd verksamhet<br \/>\n<br>3. Projektets omfattning och komplexitet<br \/>\n<br>4. Nyt\u00e4nkande i projektarbetet<br \/>\n    <span class=\"wpcf7-form-control-wrap motivering\"><textarea name=\"motivering\" cols=\"40\" rows=\"10\" class=\"wpcf7-form-control wpcf7-textarea wpcf7-validates-as-required\" aria-required=\"true\" aria-invalid=\"false\"><\/textarea><\/span> <\/label><\/p>\n<p><br><\/p>\n<p><input type=\"submit\" value=\"Skicka\" class=\"wpcf7-form-control wpcf7-submit\" \/><\/p>\n<div class=\"wpcf7-response-output\" aria-hidden=\"true\"><\/div><\/form><\/div>\n","protected":false},"excerpt":{"rendered":"<p>Nominering till \u00c5rets projektledare Sedan 1995 delar Svenska ProjektAkademien ut utm\u00e4rkelsen \u00c5rets projektledare till personer som gjort utomordentliga projektledarg\u00e4rningar. Akademien g\u00f6r bed\u00f6mningen efter ledarskapets utf\u00f6rande, resultatet av genomf\u00f6rd verksamhet, projektets omfattning och komplexitet samt nyt\u00e4nkande i projektarbetet. F\u00f6r fullst\u00e4ndiga kriterier och nomineringsblankett, se nedan p\u00e5 denna sida. Nomineringen av kandidater till \u00c5rets Projektledare 2025 har [&hellip;]<\/p>\n","protected":false},"author":1,"featured_media":0,"parent":130,"menu_order":0,"comment_status":"closed","ping_status":"open","template":"","meta":{"ngg_post_thumbnail":0},"categories":[1],"tags":[],"_links":{"self":[{"href":"https:\/\/www.projektakademien.se\/pa\/wp-json\/wp\/v2\/pages\/207"}],"collection":[{"href":"https:\/\/www.projektakademien.se\/pa\/wp-json\/wp\/v2\/pages"}],"about":[{"href":"https:\/\/www.projektakademien.se\/pa\/wp-json\/wp\/v2\/types\/page"}],"author":[{"embeddable":true,"href":"https:\/\/www.projektakademien.se\/pa\/wp-json\/wp\/v2\/users\/1"}],"replies":[{"embeddable":true,"href":"https:\/\/www.projektakademien.se\/pa\/wp-json\/wp\/v2\/comments?post=207"}],"version-history":[{"count":71,"href":"https:\/\/www.projektakademien.se\/pa\/wp-json\/wp\/v2\/pages\/207\/revisions"}],"predecessor-version":[{"id":7269,"href":"https:\/\/www.projektakademien.se\/pa\/wp-json\/wp\/v2\/pages\/207\/revisions\/7269"}],"up":[{"embeddable":true,"href":"https:\/\/www.projektakademien.se\/pa\/wp-json\/wp\/v2\/pages\/130"}],"wp:attachment":[{"href":"https:\/\/www.projektakademien.se\/pa\/wp-json\/wp\/v2\/media?parent=207"}],"wp:term":[{"taxonomy":"category","embeddable":true,"href":"https:\/\/www.projektakademien.se\/pa\/wp-json\/wp\/v2\/categories?post=207"},{"taxonomy":"post_tag","embeddable":true,"href":"https:\/\/www.projektakademien.se\/pa\/wp-json\/wp\/v2\/tags?post=207"}],"curies":[{"name":"wp","href":"https:\/\/api.w.org\/{rel}","templated":true}]}}