{"id":2068,"date":"2013-11-20T10:47:18","date_gmt":"2013-11-20T09:47:18","guid":{"rendered":"http:\/\/www.projektakademien.se\/pa\/?page_id=2068"},"modified":"2015-05-29T13:31:55","modified_gmt":"2015-05-29T12:31:55","slug":"arets-projektledare-2013-2","status":"publish","type":"page","link":"https:\/\/www.projektakademien.se\/pa\/utmarkelser\/arets-projektledare\/arets-projektledare-2013-2\/","title":{"rendered":"\u00c5rets projektledare 2013"},"content":{"rendered":"<p><strong>\u00c5RETS PROJEKTLEDARE 2013<\/p>\n<p>Svenska ProjektAkademien tilldelar Martin \u00d6sterdahl, projektledare f\u00f6r European Song Contest i Malm\u00f6 2013,  den prestigefyllda utm\u00e4rkelsen \u00c5rets Projektledare med f\u00f6ljande motivering:<\/p>\n<p>\n\u201dMartin \u00d6sterdahl har p\u00e5 ett imponerande s\u00e4tt lyckats f\u00e5 m\u00e5nga kreativa individer att str\u00e4va mot ett och samma m\u00e5l, v\u00e4gledda av en stark id\u00e9 som varit b\u00e4rande genom hela projektet. Han lyckades tillsammans med sin organisation och under mycket stor tidspress \u00f6vertr\u00e4ffa projektets m\u00e5l och skapa l\u00e5ngsiktiga effekter f\u00f6r s\u00e5v\u00e4l Sverige som f\u00f6r efterf\u00f6ljande projekt i andra l\u00e4nder. Nyckeln till framg\u00e5ng var tidiga tuffa beslut om riktning, en beslutsprocess och projektstruktur i ordinarie organisation samt ett tydligt id\u00e9buret ledarskap.\u201d<\/p>\n<p><\/strong><br \/>\n<a href=\"http:\/\/www.projektakademien.se\/pa\/wp-content\/uploads\/2013\/11\/Martin_\u00d6sterdahl_2.jpeg\"><img loading=\"lazy\" class=\"alignright size-medium wp-image-2038\" title=\"Martin_ \u00d6sterdahl\" src=\"http:\/\/www.projektakademien.se\/pa\/wp-content\/uploads\/2013\/11\/Martin_\u00d6sterdahl_2.jpeg\" alt=\"\" width=\"273\" height=\"364\" \/><\/a>N\u00e4r Sverige skulle bryta de senaste \u00e5rens trend med skyh\u00f6ga kostnader f\u00f6r Eurovision Song Contest beh\u00f6vde SVT t\u00e4nka nytt. Hur skulle man leverera en show i v\u00e4rldsklass med en mycket mindre budget \u00e4n tidigare? D\u00e4r hade projektledaren Martin \u00d6sterdahl en avg\u00f6rande roll som p\u00e5drivare och sammanh\u00e5llande kraft i det projekt som v\u00e4nde upp och ner p\u00e5 etablerade sanningar om den gigantiska schlagerfestivalen. Resultatet? Det som av m\u00e5nga anses vara det b\u00e4sta Eurovision Song Contest genom tiderna.<\/p>\n<p>Det \u00e4r inte f\u00f6r inte som Eurovision Song Contest kallas f\u00f6r \u201dv\u00e4rldsm\u00e4sterskapet i TV-produktion\u201d. \u00d6ver 170 miljoner m\u00e4nniskor i 44 l\u00e4nder f\u00f6ljer evenemanget i rutan. Dessutom p\u00e5g\u00e5r i v\u00e4rdstaden en veckol\u00e5ng folkfest f\u00f6r b\u00e5de turistande schlagerfantaster och inv\u00e5narna. Det h\u00e4r skulle fungera fl\u00e4ckfritt med en mindre budget \u00e4n tidigare \u00e5r och f\u00f6r att lyckas valde Martin \u00d6sterdahl helt nya v\u00e4gar.<\/p>\n<p>Det modiga och kontroversiella valet av Malm\u00f6 som v\u00e4rdstad ist\u00e4llet f\u00f6r Stockholm gjorde att f\u00f6ruts\u00e4ttningarna f\u00f6rb\u00e4ttrades f\u00f6r TV-produktionen och stadsfesten, bland annat genom den mindre arenan. Dessutom byttes den traditionella LED-baserade scenografil\u00f6sningen ut mot en helt ny projektionsteknik. F\u00f6r att lyckas med den sn\u00e4va budgeten, valde man att rent organisatoriskt inhysa projektet i den vanliga SVT-linjen bland alla andra TV-evenemang. Detta var ocks\u00e5 n\u00e5got nytt och det visade sig minska startstr\u00e4ckan och kraftigt \u00f6ka budgetdisciplinen.<\/p>\n<p>Eurovision Song Contest 2013 producerades f\u00f6r en mindre budget \u00e4n n\u00e5gon annan sedan b\u00f6rjan av 2000-talet och anses av m\u00e5nga bed\u00f6mare vara det b\u00e4sta genom tiderna. Martin \u00d6sterdahl lyckades med sitt tydliga och inspirerande ledarskap ena de 500 projektmedarbetarna kring den gemensamma visionen \u201dWe are one\u201d, som skulle f\u00f6rena Europas folk och musik. Den energin syntes ocks\u00e5 ut\u00e5t och i nomineringen av Martin till \u00c5rets Projektledare 2013 \u00e4r ett argument att han lyckades skapa n\u00e5got nytt ur ett ganska nedk\u00f6rt och slitet koncept. Fokus l\u00e5g inte bara p\u00e5 t\u00e4vlingsmomentet, utan \u00e4ven p\u00e5 inneh\u00e5llet i de olika programmen.<\/p>\n<hr size=\"3\">\nUt\u00f6ver Martin \u00d6sterdahl fanns ytterligare tv\u00e5 kandidater kvar fram till den avslutande utv\u00e4rderingen; Anders Granberg och Lars Bergdahl. De presenteras n\u00e4rmare h\u00e4r nedan.<\/p>\n<p>\n<strong>Anders Granberg \u2013 projektledare f\u00f6r Invest in Lule\u00e5 och Pite\u00e5<br \/>\n<\/strong><br \/>\n<a href=\"http:\/\/www.projektakademien.se\/pa\/wp-content\/uploads\/2013\/10\/Anders_Granberg.jpeg\"><img loading=\"lazy\" class=\"alignright size-medium wp-image-2040\" title=\"Anders_Granberg\" src=\"http:\/\/www.projektakademien.se\/pa\/wp-content\/uploads\/2013\/10\/Anders_Granberg-300x300.jpg\" alt=\"\" width=\"300\" height=\"300\" srcset=\"https:\/\/www.projektakademien.se\/pa\/wp-content\/uploads\/2013\/10\/Anders_Granberg-300x300.jpg 300w, https:\/\/www.projektakademien.se\/pa\/wp-content\/uploads\/2013\/10\/Anders_Granberg-150x150.jpg 150w, https:\/\/www.projektakademien.se\/pa\/wp-content\/uploads\/2013\/10\/Anders_Granberg.jpeg 1000w\" sizes=\"(max-width: 300px) 100vw, 300px\" \/><\/a>N\u00e4r Facebook skulle bygga sitt megadatacenter var det m\u00e5nga v\u00e4rlden \u00f6ver som visade intresse. Men trots stenh\u00e5rd internationell konkurrens f\u00f6ll valet till slut p\u00e5 \u2013 Lule\u00e5. Att miljardinvesteringen gjordes just h\u00e4r var dock ingen slump. Projektledaren f\u00f6r Invest in Lule\u00e5 och Pite\u00e5, Anders Granberg, nominerades till \u00c5rets Projektledare 2013 med motiveringen att han bidragit till att \u00e4ndra en hel regions sj\u00e4lvbild.<\/p>\n<p>N\u00e4r projektet Invest in Lule\u00e5 och Pite\u00e5 startades 2007, var det b\u00f6rjan till en proaktiv, sammanh\u00e5llen och uth\u00e5llig strategi f\u00f6r att fr\u00e4mja investeringar i regionen. Genom tydligt marknadsfokus lyckades Anders Granberg som huvudprojektledare driva ett otroligt komplext projekt med m\u00e5nga akt\u00f6rer utan formell makt \u00f6ver varandra. Med lokala och nationella intressenter i offentlig verksamhet och i n\u00e4ringslivet, beh\u00f6vde h\u00e4nsyn tas till b\u00e5de politiska beslut och kommersiella intressen. Med h\u00e5rd tidspress, enorm konkurrens, kulturella skillnader och olika spr\u00e5k, var utmaningen \u00e4nnu mer p\u00e5taglig.<\/p>\n<p>I oktober 2011 offentliggjorde Facebook sina planer p\u00e5 att bygga tre serverhallar i Lule\u00e5. Detta satte ocks\u00e5 Sverige p\u00e5 kartan som Europas b\u00e4sta land f\u00f6r att bygga datacenter i, b\u00e5de f\u00f6r v\u00e5ra naturliga f\u00f6rdelar och aff\u00e4rsklimatet.<br \/>\nProjektet hade som m\u00e5l att skapa 150 nya arbetstillf\u00e4llen \u2013 n\u00e5got som redan har \u00f6vertr\u00e4ffats flera g\u00e5nger om. Bara i konstruktionsfasen av den f\u00f6rsta hallen har mer \u00e4n 300 personer varit inblandade. Projektet har lett till att en helt ny digital industri uppst\u00e5tt i Sverige, som nu har ett rej\u00e4lt momentum som ledande ICT-nation. Den uppm\u00e4rksammade investeringen har gett globalt eko med mediauppm\u00e4rksamhet i v\u00e4rldens alla h\u00f6rn. Med det otroliga varum\u00e4rkesv\u00e4rdet som etableringen inneburit, har projektet utan tvekan lett till Lule\u00e5s och Norrbottens st\u00f6rsta genomslag n\u00e5gonsin.<\/p>\n<p><strong>Lars Bergdahl \u2013 projektledare f\u00f6r Haparandabanan<\/strong><\/p>\n<p><a href=\"http:\/\/www.projektakademien.se\/pa\/wp-content\/uploads\/2013\/10\/Lars_Bergdahl.jpeg\"><img loading=\"lazy\" class=\"alignright size-medium wp-image-2039\" title=\"Lars_Bergdahl\" src=\"http:\/\/www.projektakademien.se\/pa\/wp-content\/uploads\/2013\/10\/Lars_Bergdahl-300x300.jpg\" alt=\"\" width=\"300\" height=\"300\" srcset=\"https:\/\/www.projektakademien.se\/pa\/wp-content\/uploads\/2013\/10\/Lars_Bergdahl-300x300.jpg 300w, https:\/\/www.projektakademien.se\/pa\/wp-content\/uploads\/2013\/10\/Lars_Bergdahl-150x150.jpg 150w, https:\/\/www.projektakademien.se\/pa\/wp-content\/uploads\/2013\/10\/Lars_Bergdahl.jpeg 1000w\" sizes=\"(max-width: 300px) 100vw, 300px\" \/><\/a>Haparandabanan \u00e4r en viktig internationell transportl\u00e4nk som numera str\u00e4cker sig fr\u00e5n Boden till Haparanda. Vid upprustningen och utbyggnaden av str\u00e4ckan kr\u00e4vdes en projektledare som b\u00e5de kunde hantera tekniska fr\u00e5gor och framg\u00e5ngsrikt hantera kontakterna med ber\u00f6rda mark\u00e4gare och myndigheter. Projektledaren Lars Bergdahl har blivit nominerad f\u00f6r just de egenskaperna i kombination med sitt \u00f6ppna och lyh\u00f6rda ledarskap. Hans ledarstil g\u00f6r att medarbetare v\u00e5gar och vill ta eget ansvar och utvecklas i sina roller.<\/p>\n<p>Projektet gick ut p\u00e5 att Trafikverket skulle rusta upp 119 km j\u00e4rnv\u00e4g mellan Boden och Kalix och dessutom bygga 42 km ny j\u00e4rnv\u00e4g mellan Kalix och Haparanda. Ut\u00f6ver det skulle dessutom signalsystemet ERTMS inf\u00f6ras. Detta skulle g\u00f6ras med en sn\u00e4v tidsplan och d\u00e4rf\u00f6r beh\u00f6vdes n\u00e5gon som konstant drev projektet fram\u00e5t. Lars Bergdahl lyckades med just det genom att motivera sina medarbetare och skapa en \u00f6ppen attityd i hela organisationen. Det ledde till att innovativa tekniska l\u00f6sningar och kreativa f\u00f6rslag p\u00e5 arbetss\u00e4tt kom fram. Genom aktiv riskhantering, proaktivitet och tidig kontakt med intressenter, s\u00e5g Lars till att den utmanande deadlinen kunde klaras av.<\/p>\n<p>Haparandabanan och transporter l\u00e4ngs den skulle ocks\u00e5 f\u00e5 s\u00e5 liten milj\u00f6p\u00e5verkan som m\u00f6jligt, vilket kr\u00e4vde nyt\u00e4nkande. F\u00f6r att uppn\u00e5 det implementerade man i projektet ett nytt system f\u00f6r hj\u00e4lpkraft som bygger p\u00e5 1000-voltsteknik. Systemet inneb\u00e4r att f\u00f6r b\u00e5de energianv\u00e4ndning och utsl\u00e4pp av klimatgaser kan milj\u00f6p\u00e5verkan reduceras med ca 82 %.<br \/>\nHaparandabanan invigdes i tid och utan att g\u00e5 ifr\u00e5n budgeten. De ber\u00f6rda m\u00e4nniskorna och myndigheterna har en positiv bild av projektet och hur det har genomf\u00f6rts.<\/p>\n<p><a href=\"https:\/\/www.youtube.com\/watch?v=TN4eURclRdM&#038;list=PL823EFD5645CE867C&#038;index=1\">Se Lars Bergdahl ber\u00e4tta sj\u00e4lv om projektet!<\/a><\/p>\n","protected":false},"excerpt":{"rendered":"<p>\u00c5RETS PROJEKTLEDARE 2013 Svenska ProjektAkademien tilldelar Martin \u00d6sterdahl, projektledare f\u00f6r European Song Contest i Malm\u00f6 2013, den prestigefyllda utm\u00e4rkelsen \u00c5rets Projektledare med f\u00f6ljande motivering: \u201dMartin \u00d6sterdahl har p\u00e5 ett imponerande s\u00e4tt lyckats f\u00e5 m\u00e5nga kreativa individer att str\u00e4va mot ett och samma m\u00e5l, v\u00e4gledda av en stark id\u00e9 som varit b\u00e4rande genom hela projektet. Han [&hellip;]<\/p>\n","protected":false},"author":1,"featured_media":0,"parent":130,"menu_order":32,"comment_status":"open","ping_status":"open","template":"","meta":{"ngg_post_thumbnail":0},"categories":[1],"tags":[],"_links":{"self":[{"href":"https:\/\/www.projektakademien.se\/pa\/wp-json\/wp\/v2\/pages\/2068"}],"collection":[{"href":"https:\/\/www.projektakademien.se\/pa\/wp-json\/wp\/v2\/pages"}],"about":[{"href":"https:\/\/www.projektakademien.se\/pa\/wp-json\/wp\/v2\/types\/page"}],"author":[{"embeddable":true,"href":"https:\/\/www.projektakademien.se\/pa\/wp-json\/wp\/v2\/users\/1"}],"replies":[{"embeddable":true,"href":"https:\/\/www.projektakademien.se\/pa\/wp-json\/wp\/v2\/comments?post=2068"}],"version-history":[{"count":17,"href":"https:\/\/www.projektakademien.se\/pa\/wp-json\/wp\/v2\/pages\/2068\/revisions"}],"predecessor-version":[{"id":2629,"href":"https:\/\/www.projektakademien.se\/pa\/wp-json\/wp\/v2\/pages\/2068\/revisions\/2629"}],"up":[{"embeddable":true,"href":"https:\/\/www.projektakademien.se\/pa\/wp-json\/wp\/v2\/pages\/130"}],"wp:attachment":[{"href":"https:\/\/www.projektakademien.se\/pa\/wp-json\/wp\/v2\/media?parent=2068"}],"wp:term":[{"taxonomy":"category","embeddable":true,"href":"https:\/\/www.projektakademien.se\/pa\/wp-json\/wp\/v2\/categories?post=2068"},{"taxonomy":"post_tag","embeddable":true,"href":"https:\/\/www.projektakademien.se\/pa\/wp-json\/wp\/v2\/tags?post=2068"}],"curies":[{"name":"wp","href":"https:\/\/api.w.org\/{rel}","templated":true}]}}