{"id":2,"date":"2015-11-19T20:05:00","date_gmt":"2015-11-19T19:05:00","guid":{"rendered":"http:\/\/web02.webadmin1.net\/~cu-qzp3so\/?page_id=2"},"modified":"2022-10-20T08:08:40","modified_gmt":"2022-10-20T07:08:40","slug":"about","status":"publish","type":"page","link":"https:\/\/www.projektakademien.se\/pa\/","title":{"rendered":"Hem"},"content":{"rendered":"\n<h2 class=\"has-text-align-center\">Nyheter<\/h2>\n\n\n<div id=\"upl-list-3896\" class=\"upl-list\">\n<ul>\n<li><div class=\"upl-post-thumbnail\"><a href=\"https:\/\/www.projektakademien.se\/pa\/uppsatspriset-2026-finalister\/\"><img width=\"150\" height=\"150\" src=\"https:\/\/www.projektakademien.se\/pa\/wp-content\/uploads\/2026\/03\/Karlsson_Lyxell-Sta\u030alnacke-150x150.jpeg\" class=\"attachment-thumbnail size-thumbnail wp-post-image\" alt=\"\" loading=\"lazy\" srcset=\"https:\/\/www.projektakademien.se\/pa\/wp-content\/uploads\/2026\/03\/Karlsson_Lyxell-Sta\u030alnacke-150x150.jpeg 150w, https:\/\/www.projektakademien.se\/pa\/wp-content\/uploads\/2026\/03\/Karlsson_Lyxell-Sta\u030alnacke-1140x1140.jpeg 1140w, https:\/\/www.projektakademien.se\/pa\/wp-content\/uploads\/2026\/03\/Karlsson_Lyxell-Sta\u030alnacke-570x570.jpeg 570w, https:\/\/www.projektakademien.se\/pa\/wp-content\/uploads\/2026\/03\/Karlsson_Lyxell-Sta\u030alnacke-380x380.jpeg 380w, https:\/\/www.projektakademien.se\/pa\/wp-content\/uploads\/2026\/03\/Karlsson_Lyxell-Sta\u030alnacke-285x285.jpeg 285w\" sizes=\"(max-width: 150px) 100vw, 150px\" \/><\/a><\/div><div class=\"upl-post-title\"><a href=\"https:\/\/www.projektakademien.se\/pa\/uppsatspriset-2026-finalister\/\">Uppsatspriset 2026: Finalister<\/a><\/div><div class=\"upl-post-excerpt\">Svenska ProjektAkademien har gl\u00e4djen att presentera \u00e5rets tre finalister i den \u00e5rliga t\u00e4vlingen f\u00f6r examensarbeten som belyser fr\u00e5gor av relevans f\u00f6r \u2026<\/div><\/li>\n<li><div class=\"upl-post-thumbnail\"><a href=\"https:\/\/www.projektakademien.se\/pa\/tavla-i-uppsatspris-om-projektledning\/\"><img width=\"150\" height=\"150\" src=\"https:\/\/www.projektakademien.se\/pa\/wp-content\/uploads\/2024\/04\/Gamdrup-Aazar-Karrbom-150x150.jpg\" class=\"attachment-thumbnail size-thumbnail wp-post-image\" alt=\"\" loading=\"lazy\" srcset=\"https:\/\/www.projektakademien.se\/pa\/wp-content\/uploads\/2024\/04\/Gamdrup-Aazar-Karrbom-150x150.jpg 150w, https:\/\/www.projektakademien.se\/pa\/wp-content\/uploads\/2024\/04\/Gamdrup-Aazar-Karrbom-1140x1140.jpg 1140w, https:\/\/www.projektakademien.se\/pa\/wp-content\/uploads\/2024\/04\/Gamdrup-Aazar-Karrbom-570x570.jpg 570w, https:\/\/www.projektakademien.se\/pa\/wp-content\/uploads\/2024\/04\/Gamdrup-Aazar-Karrbom-380x380.jpg 380w, https:\/\/www.projektakademien.se\/pa\/wp-content\/uploads\/2024\/04\/Gamdrup-Aazar-Karrbom-285x285.jpg 285w\" sizes=\"(max-width: 150px) 100vw, 150px\" \/><\/a><\/div><div class=\"upl-post-title\"><a href=\"https:\/\/www.projektakademien.se\/pa\/tavla-i-uppsatspris-om-projektledning\/\">T\u00e4vla i uppsatspris om projektledning<\/a><\/div><div class=\"upl-post-excerpt\">Nu kan du som skrivit en uppsats som belyser fr\u00e5gor av relevans f\u00f6r projekt, projektledning och projektbaserade verksamheter vara med och t\u00e4vla om \u2026<\/div><\/li>\n<li><div class=\"upl-post-thumbnail\"><a href=\"https:\/\/www.projektakademien.se\/pa\/podd-med-arets-projektledare-2025\/\"><img width=\"150\" height=\"150\" src=\"https:\/\/www.projektakademien.se\/pa\/wp-content\/uploads\/2025\/12\/DSC1426-150x150.png\" class=\"attachment-thumbnail size-thumbnail wp-post-image\" alt=\"\" loading=\"lazy\" srcset=\"https:\/\/www.projektakademien.se\/pa\/wp-content\/uploads\/2025\/12\/DSC1426-150x150.png 150w, https:\/\/www.projektakademien.se\/pa\/wp-content\/uploads\/2025\/12\/DSC1426-300x300.png 300w, https:\/\/www.projektakademien.se\/pa\/wp-content\/uploads\/2025\/12\/DSC1426-380x380.png 380w, https:\/\/www.projektakademien.se\/pa\/wp-content\/uploads\/2025\/12\/DSC1426-285x285.png 285w, https:\/\/www.projektakademien.se\/pa\/wp-content\/uploads\/2025\/12\/DSC1426.png 553w\" sizes=\"(max-width: 150px) 100vw, 150px\" \/><\/a><\/div><div class=\"upl-post-title\"><a href=\"https:\/\/www.projektakademien.se\/pa\/podd-med-arets-projektledare-2025\/\">Podd med \u00c5rets Projektledare 2025<\/a><\/div><div class=\"upl-post-excerpt\">Viktor Gustavsson och Maria Olsson har utsetts till \u00c5rets Projektledare 2025 f\u00f6r projektet Den nya hemv\u00e5rdsmodellen med fast omsorgskontakt inom \u2026<\/div><\/li>\n<li><div class=\"upl-post-thumbnail\"><a href=\"https:\/\/www.projektakademien.se\/pa\/arets-projektledare-2025-viktor-gustavsson-och-maria-olsson\/\"><img width=\"150\" height=\"150\" src=\"https:\/\/www.projektakademien.se\/pa\/wp-content\/uploads\/2025\/11\/VinnarnaAPL2025-150x150.png\" class=\"attachment-thumbnail size-thumbnail wp-post-image\" alt=\"\" loading=\"lazy\" srcset=\"https:\/\/www.projektakademien.se\/pa\/wp-content\/uploads\/2025\/11\/VinnarnaAPL2025-150x150.png 150w, https:\/\/www.projektakademien.se\/pa\/wp-content\/uploads\/2025\/11\/VinnarnaAPL2025-1140x1140.png 1140w, https:\/\/www.projektakademien.se\/pa\/wp-content\/uploads\/2025\/11\/VinnarnaAPL2025-570x570.png 570w, https:\/\/www.projektakademien.se\/pa\/wp-content\/uploads\/2025\/11\/VinnarnaAPL2025-380x380.png 380w, https:\/\/www.projektakademien.se\/pa\/wp-content\/uploads\/2025\/11\/VinnarnaAPL2025-285x285.png 285w\" sizes=\"(max-width: 150px) 100vw, 150px\" \/><\/a><\/div><div class=\"upl-post-title\"><a href=\"https:\/\/www.projektakademien.se\/pa\/arets-projektledare-2025-viktor-gustavsson-och-maria-olsson\/\">\u00c5rets Projektledare 2025 &#8211; Viktor Gustavsson och Maria Olsson<\/a><\/div><div class=\"upl-post-excerpt\">Utifr\u00e5n ett initialt otydligt lagkrav om en fast omsorgskontakt definierade projektet visionen att g\u00e5 fr\u00e5n klassiska scheman och minutstyrning till \u2026<\/div><\/li>\n<li><div class=\"upl-post-thumbnail\"><a href=\"https:\/\/www.projektakademien.se\/pa\/finalister-till-arets-projektledare-2025\/\"><img width=\"150\" height=\"150\" src=\"https:\/\/www.projektakademien.se\/pa\/wp-content\/uploads\/2025\/11\/FinalisternaTum-150x150.jpg\" class=\"attachment-thumbnail size-thumbnail wp-post-image\" alt=\"\" loading=\"lazy\" srcset=\"https:\/\/www.projektakademien.se\/pa\/wp-content\/uploads\/2025\/11\/FinalisternaTum-150x150.jpg 150w, https:\/\/www.projektakademien.se\/pa\/wp-content\/uploads\/2025\/11\/FinalisternaTum-570x570.jpg 570w, https:\/\/www.projektakademien.se\/pa\/wp-content\/uploads\/2025\/11\/FinalisternaTum-380x380.jpg 380w, https:\/\/www.projektakademien.se\/pa\/wp-content\/uploads\/2025\/11\/FinalisternaTum-285x285.jpg 285w\" sizes=\"(max-width: 150px) 100vw, 150px\" \/><\/a><\/div><div class=\"upl-post-title\"><a href=\"https:\/\/www.projektakademien.se\/pa\/finalister-till-arets-projektledare-2025\/\">Finalister till \u00c5rets Projektledare 2025<\/a><\/div><div class=\"upl-post-excerpt\">Svenska projektakademien utsett f\u00f6ljande finalister till utm\u00e4rkelsen \u00c5rets Projektledare 2025: Viktor Gustavsson och Maria Olsson f\u00f6r projektet \u2026<\/div><\/li>\n<\/ul>\n<form action=\"\" method=\"POST\" id=\"upl-list-3896-form\"><div><input type=\"submit\" name=\"more_submit\" value=\"(mer\u2026)\" id=\"upl-list-3896-button\" class=\"upl-list-button\"><img src=\"https:\/\/www.projektakademien.se\/pa\/wp-includes\/images\/wpspin.gif\" alt=\"Laddar in fler resultat... v\u00e4nta.\" id=\"upl-list-3896-spinner\" style=\"display: none;\" \/><input type=\"hidden\" name=\"no_more_label\" id=\"upl-list-3896-no-more-label\" value=\"Hittade inga inl\u00e4gg.\" \/><\/div><\/form>\n<\/div>\n\n","protected":false},"excerpt":{"rendered":"<p>Nyheter<\/p>\n","protected":false},"author":1,"featured_media":0,"parent":0,"menu_order":0,"comment_status":"closed","ping_status":"open","template":"","meta":{"ngg_post_thumbnail":0},"categories":[1],"tags":[],"_links":{"self":[{"href":"https:\/\/www.projektakademien.se\/pa\/wp-json\/wp\/v2\/pages\/2"}],"collection":[{"href":"https:\/\/www.projektakademien.se\/pa\/wp-json\/wp\/v2\/pages"}],"about":[{"href":"https:\/\/www.projektakademien.se\/pa\/wp-json\/wp\/v2\/types\/page"}],"author":[{"embeddable":true,"href":"https:\/\/www.projektakademien.se\/pa\/wp-json\/wp\/v2\/users\/1"}],"replies":[{"embeddable":true,"href":"https:\/\/www.projektakademien.se\/pa\/wp-json\/wp\/v2\/comments?post=2"}],"version-history":[{"count":466,"href":"https:\/\/www.projektakademien.se\/pa\/wp-json\/wp\/v2\/pages\/2\/revisions"}],"predecessor-version":[{"id":5032,"href":"https:\/\/www.projektakademien.se\/pa\/wp-json\/wp\/v2\/pages\/2\/revisions\/5032"}],"wp:attachment":[{"href":"https:\/\/www.projektakademien.se\/pa\/wp-json\/wp\/v2\/media?parent=2"}],"wp:term":[{"taxonomy":"category","embeddable":true,"href":"https:\/\/www.projektakademien.se\/pa\/wp-json\/wp\/v2\/categories?post=2"},{"taxonomy":"post_tag","embeddable":true,"href":"https:\/\/www.projektakademien.se\/pa\/wp-json\/wp\/v2\/tags?post=2"}],"curies":[{"name":"wp","href":"https:\/\/api.w.org\/{rel}","templated":true}]}}