{"id":1817,"date":"2013-04-17T08:16:55","date_gmt":"2013-04-17T07:16:55","guid":{"rendered":"http:\/\/www.projektakademien.se\/pa\/?page_id=1817"},"modified":"2019-06-14T10:54:48","modified_gmt":"2019-06-14T09:54:48","slug":"morelius-johannes","status":"publish","type":"page","link":"https:\/\/www.projektakademien.se\/pa\/ledamoter\/morelius-johannes\/","title":{"rendered":"Morelius, Johannes"},"content":{"rendered":"<table border=\"0\" cellspacing=\"0\" cellpadding=\"0\">\n<tbody>\n<tr>\n<td align=\"left\" valign=\"top\" width=\"300\">\n<h3>Johannes Morelius<\/h3>\n<p>VP PMO<br \/>\nElekta Instrument AB<br \/>\nStockholm<\/p>\n<p><strong>Telefon <\/strong>08-587 255 42<\/p>\n<p><strong>Mobil <\/strong>0708-383 496<\/p>\n<p><strong>E-post <\/strong>johannes.morelius@elekta.com<\/td>\n<td align=\"right\" valign=\"top\" width=\"300\"><a href=\"http:\/\/www.projektakademien.se\/pa\/wp-content\/uploads\/2019\/06\/Johannes-Morelius005-2.jpg\"><img loading=\"lazy\" class=\"alignnone size-medium wp-image-3848\" src=\"http:\/\/www.projektakademien.se\/pa\/wp-content\/uploads\/2019\/06\/Johannes-Morelius005-2-300x289.jpg\" alt=\"\" width=\"300\" height=\"289\" srcset=\"https:\/\/www.projektakademien.se\/pa\/wp-content\/uploads\/2019\/06\/Johannes-Morelius005-2-300x289.jpg 300w, https:\/\/www.projektakademien.se\/pa\/wp-content\/uploads\/2019\/06\/Johannes-Morelius005-2-768x740.jpg 768w, https:\/\/www.projektakademien.se\/pa\/wp-content\/uploads\/2019\/06\/Johannes-Morelius005-2-1024x986.jpg 1024w\" sizes=\"(max-width: 300px) 100vw, 300px\" \/><\/a><\/td>\n<\/tr>\n<tr>\n<td colspan=\"2\" width=\"600\" height=\"20\"><\/td>\n<\/tr>\n<\/tbody>\n<\/table>\n<p><strong>Bakgrund<\/strong><\/p>\n<p>Examen fr\u00e5n Kungliga Tekniska H\u00f6gskolan, Civilingenj\u00f6r Maskinteknik fr\u00e5n 1992. Har \u00e4gnat de senaste 20 \u00e5ren \u00e5t produktutveckling, produktion och kundinstallation av medicintekniska produkter i en global milj\u00f6, fr\u00e4mst i roller som projektledare och projektkontorsansvarig men ocks\u00e5 programansvarig i stora kundprojekt. Har ocks\u00e5 genomf\u00f6rt flera stora f\u00f6r\u00e4ndringsprogram p\u00e5 lokal och global niv\u00e5. 2010 Nominerad till \u00c5rets Projektledare.<\/p>\n<p><strong>Inriktning<\/strong><\/p>\n<p>Projekthantering och f\u00f6r\u00e4ndringsledning i komplexa milj\u00f6er med b\u00e5de interna och externa intressenter.<\/p>\n<p><strong>Speciella intressen<\/strong><\/p>\n<p>Projektkommunikation i praktiken. Se alla intressenter och bygg relationer, interna s\u00e5som externa. G\u00f6r projektmedlemmar viktiga och stolta, d\u00e4r alla acceptera varandra och sina respektive roller. Balansering av individer med olika kompetenser i olika projektfaser och situationer f\u00f6r att skapa effektiva team. F\u00f6rst\u00e5 betydelsen av ett uth\u00e5lligt ledarskap n\u00e4r stora f\u00f6r\u00e4ndringar genomf\u00f6rs.<\/p>\n<p>Sedan 2017 ansvarig f\u00f6r Elektas globala projektkontor, kundprojekt.<\/p>\n","protected":false},"excerpt":{"rendered":"<p>Johannes Morelius VP PMO Elekta Instrument AB Stockholm Telefon 08-587 255 42 Mobil 0708-383 496 E-post johannes.morelius@elekta.com Bakgrund Examen fr\u00e5n Kungliga Tekniska H\u00f6gskolan, Civilingenj\u00f6r Maskinteknik fr\u00e5n 1992. Har \u00e4gnat de senaste 20 \u00e5ren \u00e5t produktutveckling, produktion och kundinstallation av medicintekniska produkter i en global milj\u00f6, fr\u00e4mst i roller som projektledare och projektkontorsansvarig men ocks\u00e5 programansvarig [&hellip;]<\/p>\n","protected":false},"author":1,"featured_media":0,"parent":88,"menu_order":0,"comment_status":"open","ping_status":"open","template":"","meta":{"ngg_post_thumbnail":0},"categories":[1],"tags":[],"_links":{"self":[{"href":"https:\/\/www.projektakademien.se\/pa\/wp-json\/wp\/v2\/pages\/1817"}],"collection":[{"href":"https:\/\/www.projektakademien.se\/pa\/wp-json\/wp\/v2\/pages"}],"about":[{"href":"https:\/\/www.projektakademien.se\/pa\/wp-json\/wp\/v2\/types\/page"}],"author":[{"embeddable":true,"href":"https:\/\/www.projektakademien.se\/pa\/wp-json\/wp\/v2\/users\/1"}],"replies":[{"embeddable":true,"href":"https:\/\/www.projektakademien.se\/pa\/wp-json\/wp\/v2\/comments?post=1817"}],"version-history":[{"count":13,"href":"https:\/\/www.projektakademien.se\/pa\/wp-json\/wp\/v2\/pages\/1817\/revisions"}],"predecessor-version":[{"id":3850,"href":"https:\/\/www.projektakademien.se\/pa\/wp-json\/wp\/v2\/pages\/1817\/revisions\/3850"}],"up":[{"embeddable":true,"href":"https:\/\/www.projektakademien.se\/pa\/wp-json\/wp\/v2\/pages\/88"}],"wp:attachment":[{"href":"https:\/\/www.projektakademien.se\/pa\/wp-json\/wp\/v2\/media?parent=1817"}],"wp:term":[{"taxonomy":"category","embeddable":true,"href":"https:\/\/www.projektakademien.se\/pa\/wp-json\/wp\/v2\/categories?post=1817"},{"taxonomy":"post_tag","embeddable":true,"href":"https:\/\/www.projektakademien.se\/pa\/wp-json\/wp\/v2\/tags?post=1817"}],"curies":[{"name":"wp","href":"https:\/\/api.w.org\/{rel}","templated":true}]}}