{"id":1795,"date":"2013-04-15T09:28:37","date_gmt":"2013-04-15T08:28:37","guid":{"rendered":"http:\/\/www.projektakademien.se\/pa\/?page_id=1795"},"modified":"2018-08-22T20:37:21","modified_gmt":"2018-08-22T19:37:21","slug":"zakrisson-per","status":"publish","type":"page","link":"https:\/\/www.projektakademien.se\/pa\/ledamoter\/zakrisson-per\/","title":{"rendered":"Zachrisson, Per"},"content":{"rendered":"<table border=\"0\" cellspacing=\"0\" cellpadding=\"0\">\n<tbody>\n<tr>\n<td width=\"300\" align=\"left\" valign=\"top\">\n<h3>Per Zachrisson<\/h3>\n<p>Ericsson AB<br \/>\nStockholm<\/p>\n<p><strong>Telefon <\/strong>08-712 3618<strong> <\/strong><\/p>\n<p><strong>Mobil <\/strong>070-987 3618<strong> <\/strong><\/p>\n<p><strong>E-post <\/strong>per.zachrisson@ericsson.com<\/p>\n<td width=\"300\" align=\"right\" valign=\"top\"><a href=\"http:\/\/www.projektakademien.se\/pa\/wp-content\/uploads\/2014\/04\/Per_Zachrisson-small.jpeg\"><img loading=\"lazy\" class=\"alignright size-full wp-image-115\" title=\"wenell\" src=\"http:\/\/www.projektakademien.se\/pa\/wp-content\/uploads\/2014\/04\/Per_Zachrisson-small.jpeg\" alt=\"\" width=\"126\" height=\"162\" \/><\/a><\/td>\n<\/tr>\n<tr>\n<td colspan=\"2\" width=\"600\" height=\"20\"><\/td>\n<\/tr>\n<\/tbody>\n<\/table>\n<p><strong>Bakgrund <\/strong>Civilingenj\u00f6rsexamen fr\u00e5n Chalmers Tekniska H\u00f6gskola, Elektroteknik, 1986. Per har arbetat med produktutveckling inom f\u00f6rsvarsindustrin och telekommunikation. Dom senaste 15 \u00e5ren som projektledare f\u00f6r medelstora och stora komplexa globala projekt hos Ericsson. Har erfarenhet av att driva projekt med produktutveckling p\u00e5 flera platser och l\u00e4nder parallellt. Sedan 2012 projektledare inom basstationsutveckling hos Ericsson. Nominerad till utm\u00e4rkelsen \u00c5rets Projektledare 2012.<\/p>\n<p><strong>Inriktning <\/strong>Karri\u00e4rmodeller f\u00f6r projektledare samt kompelexitetsbed\u00f6mningar av projekt. Vad g\u00f6r ett projekt komplext och sv\u00e5rt?<\/p>\n","protected":false},"excerpt":{"rendered":"<p>Per Zachrisson Ericsson AB Stockholm Telefon 08-712 3618 Mobil 070-987 3618 E-post per.zachrisson@ericsson.com Bakgrund Civilingenj\u00f6rsexamen fr\u00e5n Chalmers Tekniska H\u00f6gskola, Elektroteknik, 1986. Per har arbetat med produktutveckling inom f\u00f6rsvarsindustrin och telekommunikation. Dom senaste 15 \u00e5ren som projektledare f\u00f6r medelstora och stora komplexa globala projekt hos Ericsson. Har erfarenhet av att driva projekt med produktutveckling p\u00e5 flera [&hellip;]<\/p>\n","protected":false},"author":1,"featured_media":0,"parent":88,"menu_order":7,"comment_status":"open","ping_status":"open","template":"","meta":{"ngg_post_thumbnail":0},"categories":[1],"tags":[],"_links":{"self":[{"href":"https:\/\/www.projektakademien.se\/pa\/wp-json\/wp\/v2\/pages\/1795"}],"collection":[{"href":"https:\/\/www.projektakademien.se\/pa\/wp-json\/wp\/v2\/pages"}],"about":[{"href":"https:\/\/www.projektakademien.se\/pa\/wp-json\/wp\/v2\/types\/page"}],"author":[{"embeddable":true,"href":"https:\/\/www.projektakademien.se\/pa\/wp-json\/wp\/v2\/users\/1"}],"replies":[{"embeddable":true,"href":"https:\/\/www.projektakademien.se\/pa\/wp-json\/wp\/v2\/comments?post=1795"}],"version-history":[{"count":15,"href":"https:\/\/www.projektakademien.se\/pa\/wp-json\/wp\/v2\/pages\/1795\/revisions"}],"predecessor-version":[{"id":2311,"href":"https:\/\/www.projektakademien.se\/pa\/wp-json\/wp\/v2\/pages\/1795\/revisions\/2311"}],"up":[{"embeddable":true,"href":"https:\/\/www.projektakademien.se\/pa\/wp-json\/wp\/v2\/pages\/88"}],"wp:attachment":[{"href":"https:\/\/www.projektakademien.se\/pa\/wp-json\/wp\/v2\/media?parent=1795"}],"wp:term":[{"taxonomy":"category","embeddable":true,"href":"https:\/\/www.projektakademien.se\/pa\/wp-json\/wp\/v2\/categories?post=1795"},{"taxonomy":"post_tag","embeddable":true,"href":"https:\/\/www.projektakademien.se\/pa\/wp-json\/wp\/v2\/tags?post=1795"}],"curies":[{"name":"wp","href":"https:\/\/api.w.org\/{rel}","templated":true}]}}