{"id":1788,"date":"2013-04-15T09:26:33","date_gmt":"2013-04-15T08:26:33","guid":{"rendered":"http:\/\/www.projektakademien.se\/pa\/?page_id=1788"},"modified":"2018-08-22T20:40:47","modified_gmt":"2018-08-22T19:40:47","slug":"ljung-lennart","status":"publish","type":"page","link":"https:\/\/www.projektakademien.se\/pa\/ledamoter\/ljung-lennart\/","title":{"rendered":"Ljung, Lennart"},"content":{"rendered":"<table border=\"0\" cellspacing=\"0\" cellpadding=\"0\">\n<tbody>\n<tr>\n<td width=\"300\" align=\"left\" valign=\"top\">\n<h3>Lennart Ljung<\/h3>\n<p>Universitetslektor<\/p>\n<p>Karlstads Universitet<\/p>\n<p><strong>E-post <\/strong>lennart.ljung@kau.se<\/p>\n<td width=\"300\" align=\"right\" valign=\"top\"><a href=\"http:\/\/www.projektakademien.se\/pa\/wp-content\/uploads\/2013\/10\/Lennart_Ljung.jpeg\"><img loading=\"lazy\" class=\"alignright size-full wp-image-115\" title=\"lennartljung\" src=\"http:\/\/www.projektakademien.se\/pa\/wp-content\/uploads\/2013\/10\/Lennart_Ljung.jpeg\" alt=\"\" width=\"172\" height=\"218\" \/><\/a><\/td>\n<\/tr>\n<tr>\n<td colspan=\"2\" width=\"600\" height=\"20\"><\/td>\n<\/tr>\n<\/tbody>\n<\/table>\n<p><strong>Bakgrund <\/strong>Lennart Ljung \u00e4r lektor i Projektledning vid Karlstads universitet. Han \u00e4r initiativtagare till universitetets magisterprogram i projektledning och har arbetat med undervisning och kursutveckling inom projektledning sedan mitten p\u00e5 1990-talet. Lennart \u00e4r \u00e4ven verksam som konsult och f\u00f6rfattare av l\u00e4rob\u00f6cker med inriktning p\u00e5 projekthantering och ledarskap.<\/p>\n<p><strong>Inriktning <\/strong>Effektivisering genom anpassning av projekthanteringen efter olika projekttypers s\u00e4rdrag.<\/p>\n<p><strong>Speciella intressen<\/strong> F\u00f6r n\u00e4rvarande riktas fokus p\u00e5 utveckling av nya metoder och tekniker f\u00f6r de projekttyper som \u00e4r vanliga inom offentliga verksamheter samt i sm\u00e5 och medelstora f\u00f6retag.<\/p>\n","protected":false},"excerpt":{"rendered":"<p>Lennart Ljung Universitetslektor Karlstads Universitet E-post lennart.ljung@kau.se Bakgrund Lennart Ljung \u00e4r lektor i Projektledning vid Karlstads universitet. Han \u00e4r initiativtagare till universitetets magisterprogram i projektledning och har arbetat med undervisning och kursutveckling inom projektledning sedan mitten p\u00e5 1990-talet. Lennart \u00e4r \u00e4ven verksam som konsult och f\u00f6rfattare av l\u00e4rob\u00f6cker med inriktning p\u00e5 projekthantering och ledarskap. Inriktning [&hellip;]<\/p>\n","protected":false},"author":1,"featured_media":0,"parent":88,"menu_order":0,"comment_status":"open","ping_status":"open","template":"","meta":{"ngg_post_thumbnail":0},"categories":[1],"tags":[],"_links":{"self":[{"href":"https:\/\/www.projektakademien.se\/pa\/wp-json\/wp\/v2\/pages\/1788"}],"collection":[{"href":"https:\/\/www.projektakademien.se\/pa\/wp-json\/wp\/v2\/pages"}],"about":[{"href":"https:\/\/www.projektakademien.se\/pa\/wp-json\/wp\/v2\/types\/page"}],"author":[{"embeddable":true,"href":"https:\/\/www.projektakademien.se\/pa\/wp-json\/wp\/v2\/users\/1"}],"replies":[{"embeddable":true,"href":"https:\/\/www.projektakademien.se\/pa\/wp-json\/wp\/v2\/comments?post=1788"}],"version-history":[{"count":6,"href":"https:\/\/www.projektakademien.se\/pa\/wp-json\/wp\/v2\/pages\/1788\/revisions"}],"predecessor-version":[{"id":3470,"href":"https:\/\/www.projektakademien.se\/pa\/wp-json\/wp\/v2\/pages\/1788\/revisions\/3470"}],"up":[{"embeddable":true,"href":"https:\/\/www.projektakademien.se\/pa\/wp-json\/wp\/v2\/pages\/88"}],"wp:attachment":[{"href":"https:\/\/www.projektakademien.se\/pa\/wp-json\/wp\/v2\/media?parent=1788"}],"wp:term":[{"taxonomy":"category","embeddable":true,"href":"https:\/\/www.projektakademien.se\/pa\/wp-json\/wp\/v2\/categories?post=1788"},{"taxonomy":"post_tag","embeddable":true,"href":"https:\/\/www.projektakademien.se\/pa\/wp-json\/wp\/v2\/tags?post=1788"}],"curies":[{"name":"wp","href":"https:\/\/api.w.org\/{rel}","templated":true}]}}