{"id":1783,"date":"2013-04-11T09:49:08","date_gmt":"2013-04-11T08:49:08","guid":{"rendered":"http:\/\/www.projektakademien.se\/pa\/?page_id=1783"},"modified":"2016-12-02T09:12:29","modified_gmt":"2016-12-02T08:12:29","slug":"pristagare-2012","status":"publish","type":"page","link":"https:\/\/www.projektakademien.se\/pa\/utmarkelser\/uppsatstavling\/pristagare-2012\/","title":{"rendered":"Uppsatspriset 2012"},"content":{"rendered":"<p><strong>Uppsatspriset 2012<\/strong><\/p>\n<p><div>Under 2012 inkom 13 bidrag fr\u00e5n sex olika l\u00e4ros\u00e4ten. Juryn ser med tillfredsst\u00e4llelse p\u00e5 spridningen mellan l\u00e4ros\u00e4ten och noterar att b\u00e5de samh\u00e4llsvetenskapliga och tekniska fakulteter \u00e4r representerade. Uppsatserna handlar om ett antal aspekter av projektarbete, allt fr\u00e5n ledarskapsfr\u00e5gor till projektportf\u00f6ljhantering.<\/p>\n<\/div>\n<div>\n<hr size=\"10\" \/><\/div>\n<div>\n<a href=\"http:\/\/www.projektakademien.se\/pa\/wp-content\/uploads\/2013\/04\/Ekaterina_Kalinina.jpg\"><img loading=\"lazy\" title=\"Ekaterina Kalinina\" class=\"alignleft size-thumbnail wp-image-959\" src=\"http:\/\/www.projektakademien.se\/pa\/wp-content\/uploads\/2013\/04\/Ekaterina_Kalinina.jpg\" alt=\"\" width=\"150\" height=\"200\" \/><\/a><\/p>\n<p>\n<a href=\"http:\/\/www.projektakademien.se\/pa\/wp-content\/uploads\/2013\/04\/Meaza_Eshetu_1.jpg\"><img loading=\"lazy\" title=\"Meaza Eshetu\" class=\"alignright size-thumbnail wp-image-959\" src=\"http:\/\/www.projektakademien.se\/pa\/wp-content\/uploads\/2013\/04\/Meaza_Eshetu_1.jpg\" alt=\"\" width=\"150\" height=\"200\" \/><\/a><strong>Uppsatspriset 2012\/National thesis award 2012:<\/strong><\/div>\n<p><div>The National Thesis award is given to Ekaterina Kalinina and Meaza Eshetu Abebe, Link\u00f6pings Universitet.<\/div>\n<p><div>In the master thesis &#8220;Coordination of inter-organizational projects within creative industries: A contextual perspective&#8221; the problems of coordination of projects involving multiple organisations are explored. Specifically, the thesis focus on the consequences of network embeddedness &#8211; i.e. that projects are organised in a context consisting of relations and ties that are far more durable than the project itself. Embeddedness is further analysed in terms of relational, structural and positional embeddedness. From four case studies in creative industries &#8211; theatre, music and film productions &#8211; it is concluded that the type of embeddedness that is relied upon for coordination depends upon project duration, task nature and team composition. The thesis is well written, well aligned to current research frontiers and a showcase of excellent methodological and analytical abilities.<\/div>\n<div>\n<p><a href=\"http:\/\/www.projektakademien.se\/pa\/wp-content\/uploads\/2013\/02\/5.-Masters-thesis-Ekaterina-and-Meaza.pdf\">L\u00e4s uppsatsen!<\/a><\/p>\n<hr size=\"10\" \/>\n<p><a href=\"http:\/\/www.projektakademien.se\/pa\/wp-content\/uploads\/2013\/04\/Sofia-Lina-2.jpg\"><img loading=\"lazy\" title=\"Sofia Lina\" class=\"alignright size-thumbnail wp-image-960\" src=\"http:\/\/www.projektakademien.se\/pa\/wp-content\/uploads\/2013\/04\/Sofia-Lina-2.jpg\" alt=\"\" width=\"200\" height=\"150\" \/><\/a><\/p>\n<p><strong>Hedersomn\u00e4mnande 1:<\/strong><\/p>\n<div>Lina Sj\u00f6str\u00f6m och Sofia \u00c5hlin, Ume\u00e5 Universitet, erh\u00e5ller ett hedersomn\u00e4mnande f\u00f6r sin uppsats \u201cProjektportf\u00f6ljhantering &#8211; En studie om projektportf\u00f6ljshantering f\u00f6r interna projekt i en servicekontext\u201d. <\/p>\n<p>En mycket gedigen och djupg\u00e5ende studie av ett f\u00f6retags projektportf\u00f6ljshantering, som leder fram till en systematiserad process f\u00f6r projekturval och projekthantering kopplat till \u00f6vergripande strategi.<\/p>\n<\/div>\n<p><a href=\"http:\/\/www.projektakademien.se\/pa\/wp-content\/uploads\/2013\/02\/11.-FULLTEXT02.pdf\">L\u00e4s uppsatsen!<\/a> OBS! Stor fil!<\/p>\n<hr size=\"10\" \/>\n<p><a href=\"http:\/\/www.projektakademien.se\/pa\/wp-content\/uploads\/2013\/04\/Anna-Jensen-Sofia-Sundstr\u00f6m.jpg\"><img loading=\"lazy\" title=\"Anna Jensen Sofia Sundstr\u00f6m\" class=\"alignleft size-thumbnail wp-image-960\" src=\"http:\/\/www.projektakademien.se\/pa\/wp-content\/uploads\/2013\/04\/Anna-Jensen-Sofia-Sundstr\u00f6m.jpg\" alt=\"\" width=\"200\" height=\"200\" \/><\/a><\/p>\n<p><strong>Hedersomn\u00e4mnande 2:<\/strong><\/p>\n<div>Anna Jensen och Sofia Sundstr\u00f6m, Kungl Tekniska H\u00f6gskolan, f\u00e5r ett hedersomn\u00e4mnande f\u00f6r sin uppsats \u201cF\u00f6r\u00e4ndringsledning &#8211; mer \u00e4n bara ett strukturerat angreppss\u00e4tt f\u00f6r organisationsf\u00f6r\u00e4ndringar. En studie i hur konsulter arbetar med f\u00f6r\u00e4ndringsledning och f\u00f6r\u00e4ndringsberedskap\u201d. <\/p>\n<\/div>\n<p>En teoretiskt och metodologiskt mycket gedigen studie av change management och projektarbete i konsultbranschen. F\u00f6rfattarna uppvisar kritisk distans, h\u00f6g vetenskaplig medvetenhet och f\u00f6rtrogenhet med de senaste forskningsr\u00f6nen.<\/p>\n<p>\n<a href=\"http:\/\/www.projektakademien.se\/pa\/wp-content\/uploads\/2013\/02\/4.-Exjobb_Anna_Sofia_120618.pdf\">L\u00e4s uppsatsen!<\/a><\/p>\n<hr size=\"10\" \/>\n<p><a href=\"http:\/\/www.projektakademien.se\/pa\/wp-content\/uploads\/2013\/05\/Gagandeep-Singh.jpg\"><img loading=\"lazy\" title=\"Gagandeep Singh\" class=\"alignright size-thumbnail wp-image-960\" src=\"http:\/\/www.projektakademien.se\/pa\/wp-content\/uploads\/2013\/05\/Gagandeep-Singh.jpg\" alt=\"\" width=\"140\" height=\"160\" \/><\/a><br \/>\n<\/a><strong>Hedersomn\u00e4mnande 3\/Highly commended award 3:<\/strong><\/div>\n<div>\n<p><div>A Highly Commended award is given to Gagandeep Singh, Chalmers Tekniska H\u00f6gskola. In the thesis &#8220;Use of knowledge management techniques for risk management &#8211; application at the initial project stages&#8221;, he reviews theoretical approaches to risk management and knowledge management with the purpose of analysing how these two domains can be combined in the management of the first phases of projects. The thesis is well-founded in current academic research and combines theoretical and practical analysis in a well-structured and accessible way.<\/p>\n<\/div>\n<p><a href=\"http:\/\/www.projektakademien.se\/pa\/wp-content\/uploads\/2013\/02\/7.-Masters-Thesis-Dissertation-Gagandeep-Singh.pdf\">L\u00e4s uppsatsen!<\/a><\/p>\n<div>\n<hr size=\"10\" \/>\n<p><strong>Hedersomn\u00e4mnande 4:<\/strong><\/div>\n<p><a href=\"http:\/\/www.projektakademien.se\/pa\/wp-content\/uploads\/2013\/04\/Isabelle-Collin.jpg\"><img loading=\"lazy\" title=\"Isabelle Collin\" class=\"alignleft size-thumbnail wp-image-959\" src=\"http:\/\/www.projektakademien.se\/pa\/wp-content\/uploads\/2013\/04\/Isabelle-Collin.jpg\" alt=\"\" width=\"150\" height=\"150\" \/><\/a><\/p>\n<p>\n<a href=\"http:\/\/www.projektakademien.se\/pa\/wp-content\/uploads\/2013\/04\/Daniel-Ericsson.jpg\"><img loading=\"lazy\" title=\"Daniel Ericsson\" class=\"alignright size-thumbnail wp-image-959\" src=\"http:\/\/www.projektakademien.se\/pa\/wp-content\/uploads\/2013\/04\/Daniel-Ericsson.jpg\" alt=\"\" width=\"150\" height=\"150\" \/><\/a><\/div>\n<\/p>\n<div>Hedersomn\u00e4mnande g\u00e5r \u00e4ven till Isabelle Collin och Daniel Ericsson, Link\u00f6pings Universitet, f\u00f6r deras uppsats \u201cProjektledarens betydelse f\u00f6r kompetensutveckling\u201d. <\/p>\n<p>I uppsatsen unders\u00f6ker f\u00f6rfattarna den i aktuell forskning uppm\u00e4rksammade problematiken med hur ansvaret f\u00f6r medarbetares utveckling hanteras i projektbaserade milj\u00f6er. Uppsatsen \u00e4r v\u00e4l f\u00f6rankrad i p\u00e5g\u00e5ende forskning inom omr\u00e5det och kombinerar kreativ och kritiskt medveten analys med ett strukturerat och pedagogiskt skrivs\u00e4tt.<\/p>\n<\/div>\n<p><a href=\"http:\/\/www.projektakademien.se\/pa\/wp-content\/uploads\/2013\/02\/10.-Projektledarens-betydelse-f\u00f6r-kompetensutveckling-Collin-Ericsson.pdf\">L\u00e4s uppsatsen!<\/a>\n<\/div>\n","protected":false},"excerpt":{"rendered":"<p>Uppsatspriset 2012 Under 2012 inkom 13 bidrag fr\u00e5n sex olika l\u00e4ros\u00e4ten. Juryn ser med tillfredsst\u00e4llelse p\u00e5 spridningen mellan l\u00e4ros\u00e4ten och noterar att b\u00e5de samh\u00e4llsvetenskapliga och tekniska fakulteter \u00e4r representerade. Uppsatserna handlar om ett antal aspekter av projektarbete, allt fr\u00e5n ledarskapsfr\u00e5gor till projektportf\u00f6ljhantering. Uppsatspriset 2012\/National thesis award 2012: The National Thesis award is given to Ekaterina [&hellip;]<\/p>\n","protected":false},"author":1,"featured_media":0,"parent":141,"menu_order":42,"comment_status":"open","ping_status":"open","template":"","meta":{"ngg_post_thumbnail":0},"categories":[1],"tags":[],"_links":{"self":[{"href":"https:\/\/www.projektakademien.se\/pa\/wp-json\/wp\/v2\/pages\/1783"}],"collection":[{"href":"https:\/\/www.projektakademien.se\/pa\/wp-json\/wp\/v2\/pages"}],"about":[{"href":"https:\/\/www.projektakademien.se\/pa\/wp-json\/wp\/v2\/types\/page"}],"author":[{"embeddable":true,"href":"https:\/\/www.projektakademien.se\/pa\/wp-json\/wp\/v2\/users\/1"}],"replies":[{"embeddable":true,"href":"https:\/\/www.projektakademien.se\/pa\/wp-json\/wp\/v2\/comments?post=1783"}],"version-history":[{"count":58,"href":"https:\/\/www.projektakademien.se\/pa\/wp-json\/wp\/v2\/pages\/1783\/revisions"}],"predecessor-version":[{"id":3031,"href":"https:\/\/www.projektakademien.se\/pa\/wp-json\/wp\/v2\/pages\/1783\/revisions\/3031"}],"up":[{"embeddable":true,"href":"https:\/\/www.projektakademien.se\/pa\/wp-json\/wp\/v2\/pages\/141"}],"wp:attachment":[{"href":"https:\/\/www.projektakademien.se\/pa\/wp-json\/wp\/v2\/media?parent=1783"}],"wp:term":[{"taxonomy":"category","embeddable":true,"href":"https:\/\/www.projektakademien.se\/pa\/wp-json\/wp\/v2\/categories?post=1783"},{"taxonomy":"post_tag","embeddable":true,"href":"https:\/\/www.projektakademien.se\/pa\/wp-json\/wp\/v2\/tags?post=1783"}],"curies":[{"name":"wp","href":"https:\/\/api.w.org\/{rel}","templated":true}]}}