{"id":169,"date":"2010-03-30T18:46:20","date_gmt":"2010-03-30T17:46:20","guid":{"rendered":"http:\/\/www.projektakademien.se\/pa\/?page_id=169"},"modified":"2026-03-05T09:20:51","modified_gmt":"2026-03-05T08:20:51","slug":"kontakt","status":"publish","type":"page","link":"https:\/\/www.projektakademien.se\/pa\/kontakt\/","title":{"rendered":"Kontakt"},"content":{"rendered":"<p><strong>Svenska Projektakademien och dess utskott<\/strong><\/p>\n<p>Svenska ProjektAkademien leds av en styrelse. Styrelseledam\u00f6terna \u00e4r Tomas Gustavsson (ordf\u00f6rande), Solmaz Filiz Karabag (vice ordf\u00f6rande), Per Zachrisson (sekreterare), Christer Claesson (skattm\u00e4stare), Elisabeth Kam\u00e9l (ledamot), Mats Ragnarsson (adjungerad ledamot) samt Anna Jerbrant (adjungerad ledamot).<\/p>\n<p>Akademien och styrelsen kontaktas enligt f\u00f6ljande:<\/p>\n<p>Svenska ProjektAkademien<\/p>\n<p>Attn. Christer Claesson<\/p>\n<p>Kulper\u00f6dsv\u00e4gen 20,&nbsp;442 95 H\u00e5lta<\/p>\n<p>Tel 070-609 39 50<\/p>\n<p><a href=\"mailto:evagypius@gmail.com\">info@projektakademien.se<\/a><\/p>\n<p><strong>Utskottet f\u00f6r utm\u00e4rkelsen \u00c5rets Projektledare:<\/strong><br \/>\nAnna Jerbrant<br \/>\n<a href=\"mailto:anna.jerbrant@projektakademien.se\">anna.jerbrant@projektakademien.se<\/a>&nbsp;<\/p>\n<p><strong>Forskningsutskottet, forskardagarna och temapoolen:<\/strong><br \/>\nMats Ragnarsson<br \/>\n<a href=\"mailto:mats.ragnarsson@projektakademien.se\">mats.ragnarsson@projektakademien.se<\/a><\/p>\n<p><strong>Kommunikationsutskottet:<br \/>\n<\/strong>Elisabeth Kam\u00e9l<br \/>\n<a href=\"mailto:elisabeth.kamel@projektakademien.se\">elisabeth.kamel@projektakademien.se<\/a><\/p>\n<p><strong>Rekryteringsutskottet:<\/strong><br \/>\nSolmaz Filiz Karabag<br \/>\n<a href=\"mailto:solmazfiliz.karabag@projektakademien.se\">solmazfiliz.karabag@projektakademien.se<\/a><\/p>\n<p><strong>Priset f\u00f6r b\u00e4sta uppsats\/examensarbete:<\/strong><br \/>\nMats Ragnarsson<br \/>\n<a href=\"mailto:mats.ragnarsson@projektakademien.se\">mats.ragnarsson@projektakademien.se<\/a><\/p>\n<p>&nbsp;<\/p>\n","protected":false},"excerpt":{"rendered":"<p>Svenska Projektakademien och dess utskott Svenska ProjektAkademien leds av en styrelse. Styrelseledam\u00f6terna \u00e4r Tomas Gustavsson (ordf\u00f6rande), Solmaz Filiz Karabag (vice ordf\u00f6rande), Per Zachrisson (sekreterare), Christer Claesson (skattm\u00e4stare), Elisabeth Kam\u00e9l (ledamot), Mats Ragnarsson (adjungerad ledamot) samt Anna Jerbrant (adjungerad ledamot). Akademien och styrelsen kontaktas enligt f\u00f6ljande: Svenska ProjektAkademien Attn. Christer Claesson Kulper\u00f6dsv\u00e4gen 20,&nbsp;442 95 H\u00e5lta Tel [&hellip;]<\/p>\n","protected":false},"author":1,"featured_media":0,"parent":0,"menu_order":4,"comment_status":"open","ping_status":"open","template":"","meta":{"ngg_post_thumbnail":0},"categories":[1],"tags":[],"_links":{"self":[{"href":"https:\/\/www.projektakademien.se\/pa\/wp-json\/wp\/v2\/pages\/169"}],"collection":[{"href":"https:\/\/www.projektakademien.se\/pa\/wp-json\/wp\/v2\/pages"}],"about":[{"href":"https:\/\/www.projektakademien.se\/pa\/wp-json\/wp\/v2\/types\/page"}],"author":[{"embeddable":true,"href":"https:\/\/www.projektakademien.se\/pa\/wp-json\/wp\/v2\/users\/1"}],"replies":[{"embeddable":true,"href":"https:\/\/www.projektakademien.se\/pa\/wp-json\/wp\/v2\/comments?post=169"}],"version-history":[{"count":40,"href":"https:\/\/www.projektakademien.se\/pa\/wp-json\/wp\/v2\/pages\/169\/revisions"}],"predecessor-version":[{"id":7512,"href":"https:\/\/www.projektakademien.se\/pa\/wp-json\/wp\/v2\/pages\/169\/revisions\/7512"}],"wp:attachment":[{"href":"https:\/\/www.projektakademien.se\/pa\/wp-json\/wp\/v2\/media?parent=169"}],"wp:term":[{"taxonomy":"category","embeddable":true,"href":"https:\/\/www.projektakademien.se\/pa\/wp-json\/wp\/v2\/categories?post=169"},{"taxonomy":"post_tag","embeddable":true,"href":"https:\/\/www.projektakademien.se\/pa\/wp-json\/wp\/v2\/tags?post=169"}],"curies":[{"name":"wp","href":"https:\/\/api.w.org\/{rel}","templated":true}]}}