{"id":152,"date":"2010-03-30T16:53:28","date_gmt":"2010-03-30T15:53:28","guid":{"rendered":"http:\/\/www.projektakademien.se\/pa\/?page_id=152"},"modified":"2024-04-29T08:26:10","modified_gmt":"2024-04-29T07:26:10","slug":"temapool","status":"publish","type":"page","link":"https:\/\/www.projektakademien.se\/pa\/utmarkelser\/temapool\/","title":{"rendered":"Uppsats\u00e4mnen"},"content":{"rendered":"<p><strong>Inspirationssida f\u00f6r examensarbeten av FoU-karakt\u00e4r inom projektomr\u00e5det.<\/strong><\/p>\n<p>Vi inom Svenska ProjektAkademien st\u00f6ttar aktivt framv\u00e4xten av ny kunskap om projektledning. Examensarbeten \u00e4r en viktig k\u00e4lla till ny kunskap eftersom de i regel bedrivs i n\u00e4ra samverkan mellan universitet och f\u00f6retag\/organisationer. Om du \u00e4r intresserad av att g\u00f6ra ditt examensarbete inom projektomr\u00e5det finns en m\u00e4ngd intressanta problem i sk\u00e4rningsf\u00e4ltet mellan teori och praktik att studera!<\/p>\n<p>Som en hj\u00e4lp p\u00e5 v\u00e4gen publicerar vi h\u00e4r de senaste fem \u00e5rens finalister och vinnare av Svenska ProjektAkademiens uppsatspris. Vi hoppas att du skall finna dessa uppsatser intressanta och att de ger id\u00e9er till flera egna uppslag.<\/p>\n<p><a href=\"https:\/\/www.projektakademien.se\/pa\/wp-content\/uploads\/2023\/03\/11.-Political-Astuteness-in-Project-Management-Magnus-Olsen-Master-Thesis-DIVA-publication.pdf\">Political Astuteness in Project Management: Could Street Smart Project Management be an Additional Dimension?<\/a><\/p>\n<p><a href=\"https:\/\/www.projektakademien.se\/pa\/wp-content\/uploads\/2023\/03\/5.-Guidance-on-the-agile-transformation-journey-the-role-of-agile-coaches-.pdf\">Guidande on the agile transformation journey: The role of agile coaches<\/a><\/p>\n<p><a href=\"https:\/\/www.projektakademien.se\/pa\/wp-content\/uploads\/2023\/03\/19.-FULLTEXT01-EMMA-FA%CC%88LT-JULIA-GUNNARSSON-2022-.pdf\">Too Hot to Handle? Performance of large-scale infrastructure projects in a Swedish district heating company.<\/a><\/p>\n<p><a href=\"https:\/\/www.projektakademien.se\/pa\/wp-content\/uploads\/2023\/03\/10.-FULLTEXT01-1.pdf\">Pharmaceutical Project Risk Identification: A Qualitative Study of Swedish Companies\u2019 Pharmaceutical Project Risk Identification Process.<\/a><\/p>\n<p><a href=\"https:\/\/www.projektakademien.se\/pa\/wp-content\/uploads\/2022\/03\/12.-FredrikaSwenson_Magisteruppsats_Ingenma%CC%88nniskaa%CC%88reno%CC%88.pdf\">Ingen m\u00e4nniska \u00e4r en \u00f6: Om ledarskap i projekt n\u00e4r det distribuerade arbetet \u00e4r p\u00e5tvingat<\/a><\/p>\n<p><a href=\"https:\/\/www.projektakademien.se\/pa\/wp-content\/uploads\/2021\/03\/Ekstro%CC%88m-Hammarlund-Effects-of-Visual-Management-on-Efficiency-and-Innovation-in-Product-Development.pdf\">Effects of Visual Management on Efficiency and Innovation in Product Development<\/a><\/p>\n<p><a href=\"https:\/\/www.projektakademien.se\/pa\/wp-content\/uploads\/2021\/03\/Erik-Stora%CC%8A-Master-thesis.pdf\">Towards scaled agility<\/a><\/p>\n<p><a href=\"https:\/\/www.projektakademien.se\/pa\/wp-content\/uploads\/2021\/03\/Jonsson-Persson-The-change-process-towards-an-A-FO.pdf\">The Change Process Towards an Activity-Based Flexible Office<\/a><\/p>\n<p><a href=\"https:\/\/www.projektakademien.se\/pa\/wp-content\/uploads\/2020\/03\/4.-LundgrenLundkvist.pdf\" target=\"_blank\" rel=\"noopener noreferrer\">Mystiken kring \u00f6verl\u00e4mningen i den agila projektmodellen<\/a><\/p>\n<p><a href=\"https:\/\/www.projektakademien.se\/pa\/wp-content\/uploads\/2020\/03\/8.-KAPIC-Master-thesis-CharlottKapic.pdf\" target=\"_blank\" rel=\"noopener noreferrer\">Managing the agile scalability to implement agile project portfolio management<\/a><\/p>\n<p><a href=\"http:\/\/www.projektakademien.se\/pa\/wp-content\/uploads\/2020\/03\/2.-Master-Thesis-Augmented-Construction.pdf\" target=\"_blank\" rel=\"noopener noreferrer\">Augmented Construction, Developing a framework for implementing Building Information Modeling through Augmented Reality at construction sites<\/a><\/p>\n<p><a href=\"http:\/\/www.projektakademien.se\/pa\/wp-content\/uploads\/2020\/03\/7.-Masters-Thesis-The-Role-of-the-Manager-in-an-Agile-Organization.pdf\" target=\"_blank\" rel=\"noopener noreferrer\">The Role of the Manager in an Agile Organization, A Case Study at Scania AB<\/a><\/p>\n<p><a href=\"http:\/\/www.projektakademien.se\/pa\/wp-content\/uploads\/2017\/03\/13.-The-process-of-knowledge-integration.pdf\">The process of knowledge integration: A case study of a change project<\/a><\/p>\n<p>&nbsp;<\/p>\n<p>&nbsp;<\/p>\n<p>&nbsp;<\/p>\n<p>&nbsp;<\/p>\n","protected":false},"excerpt":{"rendered":"<p>Inspirationssida f\u00f6r examensarbeten av FoU-karakt\u00e4r inom projektomr\u00e5det. Vi inom Svenska ProjektAkademien st\u00f6ttar aktivt framv\u00e4xten av ny kunskap om projektledning. Examensarbeten \u00e4r en viktig k\u00e4lla till ny kunskap eftersom de i regel bedrivs i n\u00e4ra samverkan mellan universitet och f\u00f6retag\/organisationer. Om du \u00e4r intresserad av att g\u00f6ra ditt examensarbete inom projektomr\u00e5det finns en m\u00e4ngd intressanta problem [&hellip;]<\/p>\n","protected":false},"author":1,"featured_media":0,"parent":91,"menu_order":4,"comment_status":"open","ping_status":"open","template":"","meta":{"ngg_post_thumbnail":0},"categories":[1],"tags":[],"_links":{"self":[{"href":"https:\/\/www.projektakademien.se\/pa\/wp-json\/wp\/v2\/pages\/152"}],"collection":[{"href":"https:\/\/www.projektakademien.se\/pa\/wp-json\/wp\/v2\/pages"}],"about":[{"href":"https:\/\/www.projektakademien.se\/pa\/wp-json\/wp\/v2\/types\/page"}],"author":[{"embeddable":true,"href":"https:\/\/www.projektakademien.se\/pa\/wp-json\/wp\/v2\/users\/1"}],"replies":[{"embeddable":true,"href":"https:\/\/www.projektakademien.se\/pa\/wp-json\/wp\/v2\/comments?post=152"}],"version-history":[{"count":36,"href":"https:\/\/www.projektakademien.se\/pa\/wp-json\/wp\/v2\/pages\/152\/revisions"}],"predecessor-version":[{"id":6686,"href":"https:\/\/www.projektakademien.se\/pa\/wp-json\/wp\/v2\/pages\/152\/revisions\/6686"}],"up":[{"embeddable":true,"href":"https:\/\/www.projektakademien.se\/pa\/wp-json\/wp\/v2\/pages\/91"}],"wp:attachment":[{"href":"https:\/\/www.projektakademien.se\/pa\/wp-json\/wp\/v2\/media?parent=152"}],"wp:term":[{"taxonomy":"category","embeddable":true,"href":"https:\/\/www.projektakademien.se\/pa\/wp-json\/wp\/v2\/categories?post=152"},{"taxonomy":"post_tag","embeddable":true,"href":"https:\/\/www.projektakademien.se\/pa\/wp-json\/wp\/v2\/tags?post=152"}],"curies":[{"name":"wp","href":"https:\/\/api.w.org\/{rel}","templated":true}]}}