{"id":141,"date":"2010-03-30T16:49:28","date_gmt":"2010-03-30T15:49:28","guid":{"rendered":"http:\/\/www.projektakademien.se\/pa\/?page_id=141"},"modified":"2025-12-05T08:54:39","modified_gmt":"2025-12-05T07:54:39","slug":"uppsatstavling","status":"publish","type":"page","link":"https:\/\/www.projektakademien.se\/pa\/utmarkelser\/uppsatstavling\/","title":{"rendered":"Projektakademiens Uppsatspris"},"content":{"rendered":"<p>Svenska ProjektAkademien har till uppgift att fr\u00e4mja utveckling och till\u00e4mpning av projektarbetsformen i svenskt arbetsliv. Som ett led i dessa str\u00e4vanden utlyser akademien ett \u00e5rligt uppsatspris f\u00f6r studerande som framg\u00e5ngsrikt f\u00f6rsvarat ett examensarbete p\u00e5 bachelor- eller masterniv\u00e5 (motsvarande C\/D-uppsats) som belyser fr\u00e5gor av relevans f\u00f6r projekt, projektledning och projektbaserade verksamheter.<\/p>\n<p>Priset m\u00f6jliggjordes fr\u00e5n b\u00f6rjan genom finansiering fr\u00e5n forsknings- och utvecklingsn\u00e4tverket Svenska Projekt. Numera st\u00e5r Svenska ProjektAkademien f\u00f6r prissumman om 10.000 kr.<\/p>\n<p>Uppsatserna bed\u00f6ms av en jury best\u00e5ende av representanter fr\u00e5n b\u00e5de n\u00e4ringsliv och h\u00f6gskolor\/universitet som finns representerade i akademiens forskningsutskott. Fr\u00e5n och med 2014 delas priset ut vid Akademiens \u00e5rssammankomst i april.<\/p>\n<p>Nedan listas alla vinnande bidrag. Genom l\u00e4nken kan du l\u00e4sa mer om det vinnande bidraget, hitta en PDF p\u00e5 arbetet samt l\u00e4sa mer om finalister och eventuella hedersomn\u00e4mnanden. Saknar du n\u00e5got kan \u00e4ven s\u00f6ka efter uppsatser genom LIBRIS tj\u00e4nst &#8220;<a href=\"http:\/\/uppsok.libris.kb.se\/sru\/uppsok\" target=\"_blank\" rel=\"noopener noreferrer\">Upps\u00f6k &#8211; examensarbeten och uppsatser i fulltext<\/a>&#8221; eller &#8220;<a href=\"http:\/\/www.diva-portal.org\/\" target=\"_blank\" rel=\"noopener noreferrer\">DiVA &#8211; Digitala Vetenskapliga Arkivet<\/a>&#8220;,&nbsp; t ex p\u00e5 f\u00f6rfattarnamn eller titel.<\/p>\n<p><strong>Vinnare uppsatspriset 2025:<\/strong><\/p>\n<p>Frida Engkvist och Marielle Lindkvist, Handelsh\u00f6gskolan vid Ume\u00e5 Universitet, <a href=\"https:\/\/www.projektakademien.se\/pa\/wp-content\/uploads\/2025\/03\/6.-Master-Thesis-2024.pdf\">Digitalization of Project Management: A phenomenographic study of project managers\u2019 perceptions regarding challenges and actions to handle them.<\/a><\/p>\n<p><b>Tidigare pristagare:<\/b><\/p>\n<p>2024: Oskar Aazar och Simon Gamdrup, Kungl Tekniska H\u00f6gskolan: <a href=\"https:\/\/www.projektakademien.se\/pa\/wp-content\/uploads\/2024\/03\/4.-Aazar-Gamdrup-2023-Managing-Multiple-PMIS-1.pdf\">Managing multiple project management information systems: A case study of a Swedish manufacturing company<\/a><\/p>\n<p>2023: Magnus Olsen, Handelsh\u00f6gskolan vid Karlstads Universitet: <a href=\"https:\/\/www.projektakademien.se\/pa\/uppsatstavlingen-2023-vinnaren\/#:~:text=Political%20Astuteness%20in%20Project%20Management%3A%20Could%20Street%20Smart%20Project%20Management%20be%20an%20Additional%20Dimension%3F\">Political Astuteness in Project Management: Could Street Smart Project Management be an Additional Dimension?<\/a><\/p>\n<p>2022: Fredrika Swenson, Handelsh\u00f6gskolan vid Karlstads Universitet: <a href=\"https:\/\/www.projektakademien.se\/pa\/wp-content\/uploads\/2022\/03\/12.-FredrikaSwenson_Magisteruppsats_Ingenma%CC%88nniskaa%CC%88reno%CC%88.pdf\">Ingen m\u00e4nniska \u00e4r en \u00f6: Om ledarskap i projekt n\u00e4r det distribuerade arbetet \u00e4r p\u00e5tvingat<\/a>.<\/p>\n<p>2021: Marcus Ekstr\u00f6m och Lovisa Hammarlund, Kungl Tekniska H\u00f6gskolan: <a href=\"https:\/\/www.projektakademien.se\/pa\/wp-content\/uploads\/2021\/03\/Ekstro%CC%88m-Hammarlund-Effects-of-Visual-Management-on-Efficiency-and-Innovation-in-Product-Development.pdf\">Effets of Visual Management on Efficiency and Innovation in Product Development<\/a>.<\/p>\n<p>2020: Sara Lundgren och Tove Lundqvist, Link\u00f6pings Universitet: <a href=\"https:\/\/www.projektakademien.se\/pa\/wp-content\/uploads\/2020\/03\/4.-LundgrenLundkvist.pdf\">Mystiken kring \u00f6verl\u00e4mningen i den agila projektmodellen<\/a>.<\/p>\n<p>2019: <em>&#8220;Augmented Construction: Developing a framework for implementing Building Information Modeling through Augmented Reality at construction sites&#8221;, <\/em><a href=\"http:\/\/www.projektakademien.se\/pa\/uppsatspriset-2019-vinnarna\/\">Adam Carls\u00e9n och Oscar Elfstrand, Lule\u00e5 Tekniska Universitet<\/a><strong><br><\/strong><\/p>\n<p>2018: <em>&#8220;Varning f\u00f6r scope creep: Okontrollerade \u00e4ndringar i projekt ur den externa projektledarens perspektiv&#8221;, <\/em><a href=\"http:\/\/www.projektakademien.se\/pa\/utmarkelser\/uppsatstavling\/uppsatspriset-2018\/\">Viktoria Nacsa och Sandra Wennesj\u00f6, Handelsh\u00f6gskolan vid Ume\u00e5 Universitet (USBE)<\/a><\/p>\n<p>2017: &nbsp;<em>&#8220;The process of knowledge integration: A case study of a change project&#8221;,<\/em> <a href=\"http:\/\/www.projektakademien.se\/pa\/utmarkelser\/uppsatstavling\/uppsatspriset-2017\/\">Edgaras Rakevi\u010dius och Louis Auzias, Link\u00f6pings Universitet.<\/a><\/p>\n<p>2016: <em>&#8220;Stressorer och copingstrategier hos projektledare i interna f\u00f6r\u00e4ndringsprojekt&#8221;,<\/em> <a href=\"http:\/\/www.projektakademien.se\/pa\/utmarkelser\/uppsatstavling\/uppsatspriset-2016\/\">Anna Bengtsson Lantz, Rebecca Strand och Zara Svensson Birath, Karlstads Universitet.<\/a><\/p>\n<p>2015: &#8220;E-leadership for project managers: virtual leadership and trust-building for perceived project success&#8221;, <a href=\"http:\/\/www.projektakademien.se\/pa\/utmarkelser\/uppsatstavling\/uppsatspriset-2015\/\">Alfred Park och Luminita Popescu, Internationella Handelsh\u00f6gskolan i J\u00f6nk\u00f6ping.<\/a><\/p>\n<p>2014: &#8220;Project management practices at the front-end of management consulting projects&#8221;, <a href=\"http:\/\/www.projektakademien.se\/pa\/utmarkelser\/uppsatstavling\/uppsatspriset-2014\/\">Jaime Adri\u00e1n Mill\u00e1n Leyva och Vladimir Matovic, Handelsh\u00f6gskolan vid Ume\u00e5 Universitet (USBE).<\/a><\/p>\n<p>2012: <em>&#8220;Coordination of inter-organizational projects within creative industries: A contextual perspective&#8221;<\/em>, <a href=\"http:\/\/www.projektakademien.se\/pa\/utmarkelser\/uppsatstavling\/pristagare-2012\/\">Ekaterina Kalinina och Meaza Eshetu Abebe, Link\u00f6pings Universitet.<\/a><\/p>\n<p>2011: <em>&#8220;Riskhantering i stora projekt: En fallstudie av projekt Kiruna ny j\u00e4rnv\u00e4g&#8221;<\/em>, <a href=\"http:\/\/www.projektakademien.se\/pa\/utmarkelser\/uppsatstavling\/pristagare-2011\/\">Karin Jonasson, Lule\u00e5 Tekniska Universitet.<\/a><\/p>\n<p>2010: <em>\u201dEvaluating strategic innovation \u2013 A case study across Atlas Copco\u2019s divisions\u201d<\/em>, <a href=\"http:\/\/www.projektakademien.se\/pa\/utmarkelser\/uppsatstavling\/pristagare-2010\/\">Niclas Forsman, Kungl Tekniska H\u00f6gskolan.<\/a><\/p>\n<p>2009: <em>\u201dConstruction projects in Russia \u2013A field study on how to make construction projects successful in a Swedish-Russian environment\u201d,<\/em> <a href=\"http:\/\/www.projektakademien.se\/pa\/utmarkelser\/uppsatstavling\/pristagare-2009\/\">Helga Persson, Kungl Tekniska H\u00f6gskolan.<\/a><\/p>\n<p>2008: &#8220;<em>Choosing survival \u2013 Selecting change: A conceptual map for understanding how project selection principles influence organizational change&#8221;, <\/em><a href=\"http:\/\/www.projektakademien.se\/pa\/utmarkelser\/uppsatstavling\/uppsatspris-2008\/\">Maria Landh och H\u00e5kan S\u00f6rin, Link\u00f6pings Universitet.<\/a><\/p>\n<p>2007: &#8220;<em>Projektn\u00e4tverk. Ett nytt s\u00e4tt att organisera l\u00e4kemedelsutveckling&#8221;<\/em>,&nbsp;<a href=\"http:\/\/www.projektakademien.se\/pa\/utmarkelser\/uppsatstavling\/pristagare-2007\/\">Katarina Fornander, Karolinska Institutet, samt Victor Mannerholm Hammar och Johan Ottosson, Kungl Tekniska H\u00f6gskolan.<\/a><\/p>\n<p>2006: &#8220;<em>Managing Attention Budgets in a Project-Based Organisation\u201d,&nbsp;<\/em><a href=\"http:\/\/www.projektakademien.se\/pa\/utmarkelser\/uppsatstavling\/pristagare-2006\/\">Frida B\u00f6rjesson och Jens Nilsson, Link\u00f6pings Universitet.<\/a><\/p>\n<p>2005: <em>&#8220;Delivering on time. An investigation of how to facilitate deliveries on time becoming a norm within Chiva&#8221;<\/em>, <a href=\"http:\/\/www.projektakademien.se\/pa\/utmarkelser\/uppsatstavling\/pristagare-2005\/\">Camilla Haglund och Julien Vital, Handelsh\u00f6gskolan vid G\u00f6teborgs Universitet.<\/a><\/p>\n<p>2004: <em>\u201cKontinuerlig kunskapsdelning inom och mellan projekt. En fallstudie \u00f6ver kunskapsdelning inom och mellan projekt hos Volvo Aero Corporation i Trollh\u00e4ttan\u201d<\/em>, <a href=\"http:\/\/www.projektakademien.se\/pa\/utmarkelser\/uppsatstavling\/pristagare-2004\/\">Micael Karlsson och J\u00f6rgen Sundblad, Karlstads Universitet.<\/a><\/p>\n<p><b>\u00d6vriga finalister (other finalists) 2017-:<\/b><\/p>\n<p>2025: Marcus Edh &amp; Bj\u00f6rn Olsson, Chalmers Tekniska H\u00f6gskola.<br>2025: Agnes K\u00fcbar &amp; Pontus Skol, Kungliga Tekniska H\u00f6gskolan.<br>2024: Sofie Bostedt, Handelsh\u00f6gskolan vid Karlstad Universitet.<br>2023: Linn\u00e9a Berg och Moa Lidman, Handelsh\u00f6gskolan vid Ume\u00e5 Universitet (USBE).<br>2023: Emma F\u00e4lt och Julia Gunnarsson, Kungliga Tekniska H\u00f6gskolan<br>2023: Emma Nyden och Wilma Janzon H\u00e4gglund, Handelsh\u00f6gskolan vid Ume\u00e5 Universitet (USBE)<br>2022: Simon Homander, Statsvetenskapliga Institutionen, Lunds Universitet<br>2021: Erik Stor\u00e5, Kungliga Tekniska H\u00f6gskolan<br>2021: Victoria Jonsson och Cecilia Persson, Handelsh\u00f6gskolan vid Ume\u00e5 Universitet (USBE)<br>2020: Charlott Kapic, Kungl Tekniska H\u00f6gskolan<br>2019: Andy Hanna och Ninos Bethzazi, Kungliga Tekniska H\u00f6gskolan<br>2018: Sofia Widengren, Uppsala Universitet.<br>2018: Ludvig Rogberg och Joakim Wretskog, Kungl Tekniska H\u00f6gskolan.<br>2018: Sandra Bj\u00f6rlin och Emma Troedsson Rundqvist, Handelsh\u00f6gskolan vid Karlstad Universitet.<br>2017: Susan Jane Weeks och Francesca Clotilde Scialdone, Handelsh\u00f6gskolan vid Ume\u00e5 Universitet (USBE).<br>2017: Jonathan Adut, Kungl Tekniska H\u00f6gskolan.<\/p>\n<p><b>Hedersomn\u00e4mnanden (receivers of Highly Commended Awards) 2006-2016:<\/b><\/p>\n<p>2016: Khuraman Mammadova och Bezkat Musrepova, Handelsh\u00f6gskolan vid Ume\u00e5 Universitet (USBE)<br>2016: Ivica Glavas och Asmir Tahmaz, Chalmers Tekniska H\u00f6gskola<br>2016: Per Engstr\u00f6m och Marcus Pettersson, Link\u00f6pings Universitet<br>2015: Ana Cristina de la Campa Ahedo och Cordula Schwenke, Handelsh\u00f6gskolan vid Ume\u00e5 Universitet (USBE).<br>2014: Maxim Miterev och Ruxandra Nedelcu, Handelsh\u00f6gskolan vid Ume\u00e5 Universitet (USBE).<br>2014: Andrius Gedvilas, Chalmers Tekniska H\u00f6gskola.<br>2014: Frosina Tasevska och Olga Toporova, Handelsh\u00f6gskolan vid Ume\u00e5 Universitet (USBE).<br>2012: Lina Sj\u00f6str\u00f6m och Sofia \u00c5hlin, Handelsh\u00f6gskolan vid Ume\u00e5 Universitet (USBE).<br>2012: Anna Jensen och Sofia Sundstr\u00f6m, Kungl Tekniska H\u00f6gskolan.<br>2012: Gagandeep Singh, Chalmers Tekniska H\u00f6gskola.<br>2012: Isabelle Collin och Daniel Ericsson, Link\u00f6pings Universitet.<br>2011: Emma Lundberg och Christian Seglert, Kungl Tekniska H\u00f6gskolan.<br>2011: Bich Nga Dao, Chalmers Tekniska H\u00f6gskola.<br>2010: Patrik Sundsten och Fredrik Lor\u00e9n Karlsson, Kungl Tekniska H\u00f6gskolan<br>2010: Lindsey Martenez Hermosilla, Link\u00f6pings Universitet.<br>2008: Anders Boqvist och Frey Sigurjonsson, Kungl Tekniska H\u00f6gskolan.<br>2007: Nils Gerdes och Daniel Windahl, Link\u00f6pings Universitet.<br>2006: Anna Nordstr\u00f6m, Handelsh\u00f6gskolan vid G\u00f6teborgs Universitet.<br>2006: Anna Nordell och Carina Sj\u00f6str\u00f6m, Link\u00f6pings Universitet.<\/p>\n\n\n<p><\/p>\n","protected":false},"excerpt":{"rendered":"<p>Svenska ProjektAkademien har till uppgift att fr\u00e4mja utveckling och till\u00e4mpning av projektarbetsformen i svenskt arbetsliv. Som ett led i dessa str\u00e4vanden utlyser akademien ett \u00e5rligt uppsatspris f\u00f6r studerande som framg\u00e5ngsrikt f\u00f6rsvarat ett examensarbete p\u00e5 bachelor- eller masterniv\u00e5 (motsvarande C\/D-uppsats) som belyser fr\u00e5gor av relevans f\u00f6r projekt, projektledning och projektbaserade verksamheter. Priset m\u00f6jliggjordes fr\u00e5n b\u00f6rjan genom [&hellip;]<\/p>\n","protected":false},"author":1,"featured_media":4245,"parent":91,"menu_order":2,"comment_status":"open","ping_status":"open","template":"","meta":{"ngg_post_thumbnail":0},"categories":[1],"tags":[],"_links":{"self":[{"href":"https:\/\/www.projektakademien.se\/pa\/wp-json\/wp\/v2\/pages\/141"}],"collection":[{"href":"https:\/\/www.projektakademien.se\/pa\/wp-json\/wp\/v2\/pages"}],"about":[{"href":"https:\/\/www.projektakademien.se\/pa\/wp-json\/wp\/v2\/types\/page"}],"author":[{"embeddable":true,"href":"https:\/\/www.projektakademien.se\/pa\/wp-json\/wp\/v2\/users\/1"}],"replies":[{"embeddable":true,"href":"https:\/\/www.projektakademien.se\/pa\/wp-json\/wp\/v2\/comments?post=141"}],"version-history":[{"count":66,"href":"https:\/\/www.projektakademien.se\/pa\/wp-json\/wp\/v2\/pages\/141\/revisions"}],"predecessor-version":[{"id":7365,"href":"https:\/\/www.projektakademien.se\/pa\/wp-json\/wp\/v2\/pages\/141\/revisions\/7365"}],"up":[{"embeddable":true,"href":"https:\/\/www.projektakademien.se\/pa\/wp-json\/wp\/v2\/pages\/91"}],"wp:featuredmedia":[{"embeddable":true,"href":"https:\/\/www.projektakademien.se\/pa\/wp-json\/wp\/v2\/media\/4245"}],"wp:attachment":[{"href":"https:\/\/www.projektakademien.se\/pa\/wp-json\/wp\/v2\/media?parent=141"}],"wp:term":[{"taxonomy":"category","embeddable":true,"href":"https:\/\/www.projektakademien.se\/pa\/wp-json\/wp\/v2\/categories?post=141"},{"taxonomy":"post_tag","embeddable":true,"href":"https:\/\/www.projektakademien.se\/pa\/wp-json\/wp\/v2\/tags?post=141"}],"curies":[{"name":"wp","href":"https:\/\/api.w.org\/{rel}","templated":true}]}}