{"id":1399,"date":"2012-04-18T15:29:35","date_gmt":"2012-04-18T14:29:35","guid":{"rendered":"http:\/\/www.projektakademien.se\/pa\/?page_id=1399"},"modified":"2022-08-30T06:51:08","modified_gmt":"2022-08-30T05:51:08","slug":"reinecke-marie","status":"publish","type":"page","link":"https:\/\/www.projektakademien.se\/pa\/ledamoter\/reinecke-marie\/","title":{"rendered":"Reinicke, Marie"},"content":{"rendered":"<p><strong>Ledamot HBO<\/strong><\/p>\n<table border=\"0\" cellspacing=\"0\" cellpadding=\"0\">\n<tbody>\n<tr>\n<td align=\"left\" valign=\"top\" width=\"300\">\n<h3>Marie Reinicke<\/h3>\n<p>Enhetschef och f\u00f6rvaltningsledare<br \/>\nRegion \u00d6sterg\u00f6tland<\/p>\n<p>Link\u00f6ping<\/p>\n<p><strong>Mobil <\/strong>0733-260065<\/p>\n<p><strong>E-post <\/strong>marie@reinicke.nu<\/p>\n<p><strong>\u00c5rets projektledare 2011<\/strong><\/td>\n<td align=\"right\" valign=\"top\" width=\"300\"><a href=\"http:\/\/www.projektakademien.se\/pa\/wp-content\/uploads\/2011\/11\/DSC7356_marie_reinicke.jpg\"><img loading=\"lazy\" title=\"wenell\" src=\"http:\/\/www.projektakademien.se\/pa\/wp-content\/uploads\/2011\/11\/DSC7356_marie_reinicke.jpg\" alt=\"\" width=\"284\" height=\"428\"><\/a><\/td>\n<\/tr>\n<tr>\n<td colspan=\"2\" width=\"600\" height=\"20\">&nbsp;<\/td>\n<\/tr>\n<\/tbody>\n<\/table>\n<p><strong>Bakgrund <\/strong>Marie har en masterexamen i Human Resource Management &amp; Development och har runt 25 \u00e5rs ledarerfarenhet fr\u00e5n ideell sektor i allm\u00e4nhet och fr\u00e5n scoutr\u00f6relsen i synnerhet. Projektledning har varit ett st\u00e4ndigt \u00e5terkommande uppdrag. 2011 blev Marie utn\u00e4mnd till \u00c5rets projektledare av Svenska Projektakademien f\u00f6r sina insatser som ordf\u00f6rande f\u00f6r World Scout Jamboree sommaren 2011. Detta internationella scoutl\u00e4ger samlade 40 000 scouter fr\u00e5n 146 olika l\u00e4nder p\u00e5 ett f\u00e4lt utanf\u00f6r Kristianstad i Sk\u00e5ne. World Scout Jamboree arrangeras vart fj\u00e4rde \u00e5r n\u00e5gonstans i v\u00e4rlden och det var f\u00f6rsta g\u00e5ngen Sverige stod som v\u00e4rd. Marie var dessutom den f\u00f6rsta kvinna som haft rollen som ordf\u00f6rande f\u00f6r detta event och definitivt den yngsta n\u00e5gonsin.<br \/>\nIdag arbetar Marie som chef f\u00f6r Region \u00d6sterg\u00f6tlands Business Intelligence-enhet.<\/p>\n<p><strong>Inriktning <\/strong>Maries erfarenhet av projektledning har fr\u00e4mst byggts upp inom ideell sektor och h\u00e4r har hon sett vikten av att l\u00e5ta v\u00e4rderingar, m\u00e5l och id\u00e9 vara viktiga delar i projekts uppbyggnad, genomf\u00f6rande och ledning. Att leda projekt inom ideell sektor har andra f\u00f6ruts\u00e4ttningar \u00e4n inom verksamheten med anst\u00e4llda resurser, men den kraft det inneb\u00e4r att medarbetare verkligen brinner f\u00f6r sin uppgift och g\u00f6r det helt frivilligt \u00e4r snarare en kraft man kan l\u00e4ra sig av \u00e4n en utmaning.<\/p>\n<p><strong>Speciella intressen&nbsp;<\/strong>Ideellt engagemang \u2013 vad kan professionella organisationer l\u00e4ra sig av denna kraft? Hur kan man p\u00e5 b\u00e4sta s\u00e4tt ta vara p\u00e5 de m\u00e4nskliga resurserna i en organisation? Att ha en tydlig id\u00e9 som genomsyrar projekt, att bygga f\u00f6rst\u00e5else hos medarbetare f\u00f6r projektets helhet och se sitt eget ansvar i detta.<\/p>\n","protected":false},"excerpt":{"rendered":"<p>Ledamot HBO Marie Reinicke Enhetschef och f\u00f6rvaltningsledare Region \u00d6sterg\u00f6tland Link\u00f6ping Mobil 0733-260065 E-post marie@reinicke.nu \u00c5rets projektledare 2011 &nbsp; Bakgrund Marie har en masterexamen i Human Resource Management &amp; Development och har runt 25 \u00e5rs ledarerfarenhet fr\u00e5n ideell sektor i allm\u00e4nhet och fr\u00e5n scoutr\u00f6relsen i synnerhet. Projektledning har varit ett st\u00e4ndigt \u00e5terkommande uppdrag. 2011 blev Marie [&hellip;]<\/p>\n","protected":false},"author":1,"featured_media":0,"parent":88,"menu_order":0,"comment_status":"open","ping_status":"open","template":"","meta":{"ngg_post_thumbnail":0},"categories":[1],"tags":[],"_links":{"self":[{"href":"https:\/\/www.projektakademien.se\/pa\/wp-json\/wp\/v2\/pages\/1399"}],"collection":[{"href":"https:\/\/www.projektakademien.se\/pa\/wp-json\/wp\/v2\/pages"}],"about":[{"href":"https:\/\/www.projektakademien.se\/pa\/wp-json\/wp\/v2\/types\/page"}],"author":[{"embeddable":true,"href":"https:\/\/www.projektakademien.se\/pa\/wp-json\/wp\/v2\/users\/1"}],"replies":[{"embeddable":true,"href":"https:\/\/www.projektakademien.se\/pa\/wp-json\/wp\/v2\/comments?post=1399"}],"version-history":[{"count":20,"href":"https:\/\/www.projektakademien.se\/pa\/wp-json\/wp\/v2\/pages\/1399\/revisions"}],"predecessor-version":[{"id":5768,"href":"https:\/\/www.projektakademien.se\/pa\/wp-json\/wp\/v2\/pages\/1399\/revisions\/5768"}],"up":[{"embeddable":true,"href":"https:\/\/www.projektakademien.se\/pa\/wp-json\/wp\/v2\/pages\/88"}],"wp:attachment":[{"href":"https:\/\/www.projektakademien.se\/pa\/wp-json\/wp\/v2\/media?parent=1399"}],"wp:term":[{"taxonomy":"category","embeddable":true,"href":"https:\/\/www.projektakademien.se\/pa\/wp-json\/wp\/v2\/categories?post=1399"},{"taxonomy":"post_tag","embeddable":true,"href":"https:\/\/www.projektakademien.se\/pa\/wp-json\/wp\/v2\/tags?post=1399"}],"curies":[{"name":"wp","href":"https:\/\/api.w.org\/{rel}","templated":true}]}}