{"id":1333,"date":"2012-03-02T18:16:50","date_gmt":"2012-03-02T17:16:50","guid":{"rendered":"http:\/\/www.projektakademien.se\/pa\/?page_id=1333"},"modified":"2016-12-02T09:12:17","modified_gmt":"2016-12-02T08:12:17","slug":"pristagare-2011","status":"publish","type":"page","link":"https:\/\/www.projektakademien.se\/pa\/utmarkelser\/uppsatstavling\/pristagare-2011\/","title":{"rendered":"Uppsatspriset 2011"},"content":{"rendered":"<p><strong>Uppsatspriset 2011<\/strong><\/p>\n<p><div>Under 2011 inkom tio bidrag fr\u00e5n fem olika l\u00e4ros\u00e4ten. Juryn ser med tillfredsst\u00e4llelse p\u00e5 spridningen mellan l\u00e4ros\u00e4ten och noterar att b\u00e5de samh\u00e4llsvetenskapliga och tekniska fakulteter \u00e4r representerade. Uppsatserna handlar om ett antal aspekter av projektarbete, allt fr\u00e5n ledarskapsfr\u00e5gor till projektportf\u00f6ljhantering.\n<\/div>\n<div>\n<hr size=\"10\" \/><\/div>\n<div><a href=\"http:\/\/www.projektakademien.se\/pa\/wp-content\/uploads\/2012\/03\/Karin-Jonasson.jpg\"><img loading=\"lazy\" title=\"Karin Jonasson\" class=\"alignright size-thumbnail wp-image-971\" src=\"http:\/\/www.projektakademien.se\/pa\/wp-content\/uploads\/2012\/03\/Karin-Jonasson.jpg\" alt=\"\" width=\"150\" height=\"225\" \/><\/a><\/div>\n<div><strong>Uppsatspriset 2011:<\/strong><\/div>\n<p><div>Uppsatspriset g\u00e5r till Karin Jonasson, Lule\u00e5 Tekniska Universitet.<\/div>\n<p><div>I sitt examensarbete \u201dRiskhantering i stora projekt: En fallstudie av projekt Kiruna ny j\u00e4rnv\u00e4g\u201d studerar Karin Jonasson riskhanteringspraktiker i Projekt Kiruna Ny J\u00e4rnv\u00e4g, som syftar till att bygga en ny j\u00e4rnv\u00e4gsstr\u00e4ckning inf\u00f6r flytten av Kiruna t\u00e4tort. Utifr\u00e5n en gedigen teoretisk genomg\u00e5ng av forskningen om riskhantering i stora projekt och ett noggrant utarbetat vetenskapligt angreppss\u00e4tt kartl\u00e4ggs riskhanteringsarbetet i projektets samtliga faser och st\u00e4lls mot den av LKAB utarbetade Riskhandboken. Uppsatsen utmynnar i omfattande praktiska rekommendationer r\u00f6rande styrkor och svagheter i riskhanteringspraktikerna samt en sammanfattande modell \u00f6ver riskhanteringsparametrar. Uppsatsen \u00e4r v\u00e4lskriven, ambiti\u00f6s och genomg\u00e5ende av h\u00f6g klass.<\/div>\n<div>\n<a href=\"http:\/\/www.projektakademien.se\/pa\/wp-content\/uploads\/2012\/03\/1.-Slutrapport-Riskhantering-i-stora-anl\u00e4ggningsprojekt.pdf\">L\u00e4s uppsatsen!<\/a><\/p>\n<p><hr size=\"10\" \/>\n<a href=\"http:\/\/www.projektakademien.se\/pa\/wp-content\/uploads\/2012\/03\/EmmaLundberg.jpg\"><img loading=\"lazy\" title=\"Emma Lundberg\" class=\"alignleft size-thumbnail wp-image-959\" src=\"http:\/\/www.projektakademien.se\/pa\/wp-content\/uploads\/2012\/03\/EmmaLundberg.jpg\" alt=\"\" width=\"200\" height=\"150\" \/><\/a><\/p>\n<p>\n<a href=\"http:\/\/www.projektakademien.se\/pa\/wp-content\/uploads\/2012\/03\/Christian-Seglert.jpg\"><img loading=\"lazy\" title=\"Christian Seglert\" class=\"alignright size-thumbnail wp-image-959\" src=\"http:\/\/www.projektakademien.se\/pa\/wp-content\/uploads\/2012\/03\/Christian-Seglert.jpg\" alt=\"\" width=\"100\" height=\"150\" \/><\/a><strong>Hedersomn\u00e4mnande 1:<\/strong><\/div>\n<div>\n<p><div>Hedersomn\u00e4mnande g\u00e5r till Emma Lundberg och Christian Seglert, Kungl Tekniska H\u00f6gskolan. <\/p>\n<p>I sitt examensarbete \u201dProject communication for successful product development: Developing a project overview at ITT W&#038;WW\u201d tar sig f\u00f6rfattarna an problemet med hur man uppn\u00e5r effektiv kommunikation i komplexa produktutvecklingsprojekt. Utifr\u00e5n en gedigen teoretisk bas i projektledning och produktutveckling studeras kommunikationsvanor och kommunikationssystem i ITT och ett f\u00f6rslag till en \u201dproject overview\u201d som bidrar till att l\u00f6sa de identifierade kommunikationsproblemen presenteras. Uppsatsen \u00e4r av h\u00f6g teoretisk och konceptuell klass och genomg\u00e5ende mycket v\u00e4l genomarbetad.<\/p><\/div>\n<p><a href=\"http:\/\/www.projektakademien.se\/pa\/wp-content\/uploads\/2012\/03\/4.-Master_Thesis_Lundberg_Seglert_1.6.pdf\">L\u00e4s uppsatsen!<\/a><\/p>\n<div>\n<hr size=\"10\" \/>\n<strong>Hedersomn\u00e4mnande 2\/Highly commended award 2:<\/strong><\/div>\n<p><a href=\"http:\/\/www.projektakademien.se\/pa\/wp-content\/uploads\/2012\/03\/Nga-Dao.jpg\"><img loading=\"lazy\" title=\"Bich Nga Dao\" class=\"alignright size-thumbnail wp-image-960\" src=\"http:\/\/www.projektakademien.se\/pa\/wp-content\/uploads\/2012\/03\/Nga-Dao.jpg\" alt=\"\" width=\"140\" height=\"200\" \/><\/a><\/p>\n<div>A Highly Commended Award is given to Bich Nga Dao, Chalmers University of Technology, for her master thesis \u201cProject categorization systems and their role for project portfolio management\u201d. <\/p>\n<p>In the thesis, the importance of categorizing projects in project portfolio management is investigated through a theoretical review of extant categorization models and an empirical investigation of how they affect how projects are selected, how portfolio balance is handled, how competence development is managed, and how management approaches are identified. This conceptualization is then applied to a series of large project-based firms in an interesting empirical study in which categorization systems are found to be drivers of portfolio management effectiveness. The thesis is well written and clearly aligned to contemporary theoretical and practical developments in project research.<\/p><\/div>\n<p><a href=\"http:\/\/www.projektakademien.se\/pa\/wp-content\/uploads\/2012\/03\/IPM_thesis_Nga-Dao.pdf\">L\u00e4s uppsatsen!<\/a>\n<\/div>\n","protected":false},"excerpt":{"rendered":"<p>Uppsatspriset 2011 Under 2011 inkom tio bidrag fr\u00e5n fem olika l\u00e4ros\u00e4ten. Juryn ser med tillfredsst\u00e4llelse p\u00e5 spridningen mellan l\u00e4ros\u00e4ten och noterar att b\u00e5de samh\u00e4llsvetenskapliga och tekniska fakulteter \u00e4r representerade. Uppsatserna handlar om ett antal aspekter av projektarbete, allt fr\u00e5n ledarskapsfr\u00e5gor till projektportf\u00f6ljhantering. Uppsatspriset 2011: Uppsatspriset g\u00e5r till Karin Jonasson, Lule\u00e5 Tekniska Universitet. I sitt examensarbete [&hellip;]<\/p>\n","protected":false},"author":1,"featured_media":0,"parent":141,"menu_order":43,"comment_status":"open","ping_status":"open","template":"","meta":{"ngg_post_thumbnail":0},"categories":[1],"tags":[],"_links":{"self":[{"href":"https:\/\/www.projektakademien.se\/pa\/wp-json\/wp\/v2\/pages\/1333"}],"collection":[{"href":"https:\/\/www.projektakademien.se\/pa\/wp-json\/wp\/v2\/pages"}],"about":[{"href":"https:\/\/www.projektakademien.se\/pa\/wp-json\/wp\/v2\/types\/page"}],"author":[{"embeddable":true,"href":"https:\/\/www.projektakademien.se\/pa\/wp-json\/wp\/v2\/users\/1"}],"replies":[{"embeddable":true,"href":"https:\/\/www.projektakademien.se\/pa\/wp-json\/wp\/v2\/comments?post=1333"}],"version-history":[{"count":36,"href":"https:\/\/www.projektakademien.se\/pa\/wp-json\/wp\/v2\/pages\/1333\/revisions"}],"predecessor-version":[{"id":3030,"href":"https:\/\/www.projektakademien.se\/pa\/wp-json\/wp\/v2\/pages\/1333\/revisions\/3030"}],"up":[{"embeddable":true,"href":"https:\/\/www.projektakademien.se\/pa\/wp-json\/wp\/v2\/pages\/141"}],"wp:attachment":[{"href":"https:\/\/www.projektakademien.se\/pa\/wp-json\/wp\/v2\/media?parent=1333"}],"wp:term":[{"taxonomy":"category","embeddable":true,"href":"https:\/\/www.projektakademien.se\/pa\/wp-json\/wp\/v2\/categories?post=1333"},{"taxonomy":"post_tag","embeddable":true,"href":"https:\/\/www.projektakademien.se\/pa\/wp-json\/wp\/v2\/tags?post=1333"}],"curies":[{"name":"wp","href":"https:\/\/api.w.org\/{rel}","templated":true}]}}