{"id":130,"date":"2022-11-18T10:00:00","date_gmt":"2022-11-18T09:00:00","guid":{"rendered":"http:\/\/www.projektakademien.se\/pa\/?page_id=130"},"modified":"2025-11-21T13:06:09","modified_gmt":"2025-11-21T12:06:09","slug":"arets-projektledare","status":"publish","type":"page","link":"https:\/\/www.projektakademien.se\/pa\/utmarkelser\/arets-projektledare\/","title":{"rendered":"Utm\u00e4rkelsen \u00c5rets projektledare"},"content":{"rendered":"<h3>\u00c5rets projektledare<\/h3>\n<p>Sedan 1995 delar Svenska ProjektAkademien ut utm\u00e4rkelsen \u00c5rets projektledare till personer som gjort utomordentliga projektledarg\u00e4rningar. Akademien g\u00f6r bed\u00f6mningen efter ledarskapets utf\u00f6rande, resultatet av genomf\u00f6rd verksamhet, projektets omfattning och komplexitet samt nyt\u00e4nkande i projektarbetet.<\/p>\n<p>Lista \u00f6ver &#8220;\u00c5rets projektledare&#8221;\/Recipients of the Award &#8220;The Project Manager of the Year&#8221;:<\/p>\n<ul>\n<li><a href=\"https:\/\/www.projektakademien.se\/pa\/arets-projektledare-2025-viktor-gustavsson-och-maria-olsson\/\">2025: Viktor Gustavsson och Maria Olsson, Den nya hemv\u00e5rdsmodellen, Karlstad kommun<\/a><\/li>\n<li><a href=\"https:\/\/www.projektakademien.se\/pa\/arets-projektledare-2024\/\">2024: Karin Karlsson, Eurovision Song Contest Malm\u00f6 2024<\/a><\/li>\n<li><a href=\"https:\/\/www.projektakademien.se\/pa\/arets-projektledare-2023-mikael-hemmingsen\/\">2023: Mikael Hemmingsen, Mathem<\/a><\/li>\n<li><a href=\"https:\/\/www.projektakademien.se\/pa\/utmarkelsen-arets-projektledare-2022-har-idag-tilldelats-beatriz-espinosa-arronte\/\">2022: Beatriz Espinosa Arronte, Scania CV AB<\/a><\/li>\n<li><a href=\"https:\/\/www.projektakademien.se\/pa\/arets-projektledare-2021-xxx\/\">2021: Eddy de La Motte, SAAB AB<\/a><\/li>\n<li><a href=\"https:\/\/www.projektakademien.se\/pa\/arets-projektledare-ar-utsedd-2\/\">2020: Joakim \u00c5berg, Svenska spel<\/a><\/li>\n<li><a href=\"https:\/\/www.projektakademien.se\/pa\/utmarkelser\/arets-projektledare\/arets-projektledare-2019\/\">2019: Ingela Ekebro, SCA<\/a><\/li>\n<li><a href=\"http:\/\/www.projektakademien.se\/pa\/?page_id=3733\">2018: Jonas Anund Vogel, KTH Live-in-Lab, Kungl Tekniska H\u00f6gskolan<\/a><\/li>\n<li><a href=\"http:\/\/www.projektakademien.se\/pa\/?page_id=3493\">2017: Sven Olsson, Projekt Operationscentrum, Landstinget i V\u00e4rmland<\/a><\/li>\n<li><a href=\"http:\/\/www.projektakademien.se\/pa\/?page_id=3119\">2016: Charlotta Dingertz och Claes Johannesson, digitaliseringsprojektet i Stockholms Stads skolor<\/a><\/li>\n<li><a href=\"http:\/\/www.projektakademien.se\/pa\/?page_id=2933\">2015: Per Rydberg, Projekt Hallands\u00e5s<\/a><\/li>\n<li><a href=\"http:\/\/www.projektakademien.se\/pa\/?page_id=2598\">2014: Jan-Erik Larsson, Volvo Cars, och G\u00f6ran \u00d6stling, Euro 6 Program, Scania<\/a><\/li>\n<li><a href=\"http:\/\/www.projektakademien.se\/pa\/?page_id=2068\">2013: Martin \u00d6sterdahl, European Song Contest 2013<\/a><\/li>\n<li><a href=\"http:\/\/www.projektakademien.se\/pa\/?page_id=1603\">2012: Maria Forss, l\u00e4kemedlet Plenadren\u00ae<\/a><\/li>\n<li><a href=\"http:\/\/www.projektakademien.se\/pa\/?page_id=1201\">2011: Marie Reinicke, World Scout Jamboree 2011<\/a><\/li>\n<li><a href=\"http:\/\/www.projektakademien.se\/pa\/?page_id=846\">2010: Bj\u00f6rn Helander, Projekt Havs\u00f6rn<\/a><\/li>\n<li><a href=\"http:\/\/www.projektakademien.se\/pa\/?page_id=466\">2009: Kaj Ahlbom, Forsmark &#8211; Platsen f\u00f6r utbr\u00e4nt k\u00e4rnbr\u00e4nsle<\/a><\/li>\n<li><a href=\"http:\/\/www.projektakademien.se\/pa\/?page_id=159\">2008: Bengt Eveby, Skidskytte-VM i \u00d6stersund 2008<\/a><\/li>\n<li><a href=\"http:\/\/www.projektakademien.se\/pa\/?page_id=161\">2007: \u00c5se Berglund, Linn\u00e9jubileet 2007<\/a><\/li>\n<li><a href=\"http:\/\/www.projektakademien.se\/pa\/?page_id=163\">2006: Birger H\u00f6\u00f6k, Tr\u00e4ngselskattef\u00f6rs\u00f6ket i Stockholm<\/a><\/li>\n<li><a href=\"http:\/\/2005\" data-wplink-url-error=\"true\">2005: Peter Rathsman, Rymdbolagets m\u00e5nsondsprojekt SMART-1, samt Staffan Sj\u00f6str\u00f6m, New Generation Scania<\/a><\/li>\n<li><a href=\"http:\/\/www.projektakademien.se\/pa\/?page_id=279\">2004: Anders Jallai, Lokaliseringen av den nedskjutna DC3:an<\/a><\/li>\n<li><a href=\"http:\/\/www.projektakademien.se\/pa\/?page_id=282\">2003: Hans Christian Kolsum, Introduktion av Airbus-modeller i SAS<\/a><\/li>\n<li><a href=\"http:\/\/www.projektakademien.se\/pa\/?page_id=285\">2002: Anna Bernsten, Assa-Abloys deltagande i Volvo Ocean Race<\/a><\/li>\n<li><a href=\"http:\/\/www.projektakademien.se\/pa\/?page_id=287\">2001: Anna Nilsson-Ehle, Universeum<\/a><\/li>\n<li><a href=\"http:\/\/www.projektakademien.se\/pa\/?page_id=289\">2000: \u00d6rjan Larsson, \u00d6resundsf\u00f6rbindelsen<\/a><\/li>\n<li><a href=\"http:\/\/www.projektakademien.se\/pa\/?page_id=291\">1999: Hans Carlstedt, Plattform P2, Volvo Car Corporation<\/a><\/li>\n<li><a href=\"http:\/\/www.projektakademien.se\/pa\/?page_id=293\">1998: Sven-Olof H\u00f6kborg, JAS 39 Gripen<\/a><\/li>\n<li><a href=\"http:\/\/www.projektakademien.se\/pa\/?page_id=295\">1997: Thomas Uhlin och Johan Stjernschantz, \u00d6gonl\u00e4kemedlet Xalatan, Pharmacia<\/a><\/li>\n<li><a href=\"http:\/\/www.projektakademien.se\/pa\/?page_id=297\">1996: Christer Andersson, Arne Halvarson, Nils G Stenqvist och Thomas Sundberg, Grafikens hus i Mariefred<\/a><\/li>\n<li><a href=\"http:\/\/www.projektakademien.se\/pa\/?page_id=299\">1995: Andr\u00e9 Canelhas, Kontekprojektet &#8211; en anl\u00e4ggning f\u00f6r \u00f6verf\u00f6ring av elkraft fr\u00e5n Danmark till Tyskland med hj\u00e4lp av h\u00f6gsp\u00e4nd likstr\u00f6m<\/a><\/li>\n<\/ul>\n","protected":false},"excerpt":{"rendered":"<p>\u00c5rets projektledare Sedan 1995 delar Svenska ProjektAkademien ut utm\u00e4rkelsen \u00c5rets projektledare till personer som gjort utomordentliga projektledarg\u00e4rningar. Akademien g\u00f6r bed\u00f6mningen efter ledarskapets utf\u00f6rande, resultatet av genomf\u00f6rd verksamhet, projektets omfattning och komplexitet samt nyt\u00e4nkande i projektarbetet. Lista \u00f6ver &#8220;\u00c5rets projektledare&#8221;\/Recipients of the Award &#8220;The Project Manager of the Year&#8221;: 2025: Viktor Gustavsson och Maria Olsson, Den [&hellip;]<\/p>\n","protected":false},"author":1,"featured_media":0,"parent":91,"menu_order":1,"comment_status":"closed","ping_status":"open","template":"","meta":{"ngg_post_thumbnail":0},"categories":[1],"tags":[],"_links":{"self":[{"href":"https:\/\/www.projektakademien.se\/pa\/wp-json\/wp\/v2\/pages\/130"}],"collection":[{"href":"https:\/\/www.projektakademien.se\/pa\/wp-json\/wp\/v2\/pages"}],"about":[{"href":"https:\/\/www.projektakademien.se\/pa\/wp-json\/wp\/v2\/types\/page"}],"author":[{"embeddable":true,"href":"https:\/\/www.projektakademien.se\/pa\/wp-json\/wp\/v2\/users\/1"}],"replies":[{"embeddable":true,"href":"https:\/\/www.projektakademien.se\/pa\/wp-json\/wp\/v2\/comments?post=130"}],"version-history":[{"count":56,"href":"https:\/\/www.projektakademien.se\/pa\/wp-json\/wp\/v2\/pages\/130\/revisions"}],"predecessor-version":[{"id":7326,"href":"https:\/\/www.projektakademien.se\/pa\/wp-json\/wp\/v2\/pages\/130\/revisions\/7326"}],"up":[{"embeddable":true,"href":"https:\/\/www.projektakademien.se\/pa\/wp-json\/wp\/v2\/pages\/91"}],"wp:attachment":[{"href":"https:\/\/www.projektakademien.se\/pa\/wp-json\/wp\/v2\/media?parent=130"}],"wp:term":[{"taxonomy":"category","embeddable":true,"href":"https:\/\/www.projektakademien.se\/pa\/wp-json\/wp\/v2\/categories?post=130"},{"taxonomy":"post_tag","embeddable":true,"href":"https:\/\/www.projektakademien.se\/pa\/wp-json\/wp\/v2\/tags?post=130"}],"curies":[{"name":"wp","href":"https:\/\/api.w.org\/{rel}","templated":true}]}}