{"id":1201,"date":"2011-11-28T18:31:29","date_gmt":"2011-11-28T17:31:29","guid":{"rendered":"http:\/\/www.projektakademien.se\/pa\/?page_id=1201"},"modified":"2015-05-29T13:31:34","modified_gmt":"2015-05-29T12:31:34","slug":"vinnare-2011","status":"publish","type":"page","link":"https:\/\/www.projektakademien.se\/pa\/utmarkelser\/arets-projektledare\/vinnare-2011\/","title":{"rendered":"\u00c5rets Projektledare 2011"},"content":{"rendered":"<h3><strong>\u00c5rets projektledare 2011 byggde upp Sk\u00e5nes fj\u00e4rde st\u00f6rsta stad!<\/strong><\/h3>\n<div>\n<div>\n<div id=\"attachment_852\" style=\"width: 310px\" class=\"wp-caption alignright\"><a href=\"http:\/\/www.projektakademien.se\/pa\/wp-content\/uploads\/2011\/12\/Marie-Reinicke_2.jpg\"><img aria-describedby=\"caption-attachment-852\" loading=\"lazy\" title=\"MarieReinicke\" class=\"size-medium wp-image-852\" src=\"http:\/\/www.projektakademien.se\/pa\/wp-content\/uploads\/2011\/12\/Marie-Reinicke_2.jpg\" alt=\"\" width=\"300\" height=\"300\" \/><\/a><p id=\"caption-attachment-852\" class=\"wp-caption-text\">Marie Reinicke. Fotograf: Sven Antvik.<\/p><\/div>\n<\/div>\n<\/div>\n<div>\n<div><strong>Marie Reinicke f\u00e5r den 30 november 2011 utm\u00e4rkelsen \u201d\u00c5rets projektledare\u201d f\u00f6r sitt s\u00e4tt att leda World Scout Jamboree 2011. Under fyra \u00e5r har hon varit ett f\u00f6red\u00f6me och visat v\u00e4gen f\u00f6r hela organisationen med sammanlagt 8500 ideella funktion\u00e4rer. Hon \u00e4r den f\u00f6rsta kvinnan n\u00e5gonsin att leda arbetet med en v\u00e4rldsscoutjamboree.<\/strong><\/div>\n<div>Marie Reinickes ledarskap som pr\u00e4glas av ett stort engagemang som sprider sig till organisationen, hon \u00e4r ett f\u00f6red\u00f6me och hon ser sina medarbetares potential, v\u00e5gar tro p\u00e5 dem och bygger upp ett starkt f\u00f6rtroende. Det \u00e4r det som ligger till grund f\u00f6r att Marie f\u00e5r ta emot utm\u00e4rkelsen \u201d\u00c5rets projektledare\u201d som utses av Svenska ProjektAkademien.<\/div>\n<div>\u2013 Scouterna \u00e4r en ledarskapsskola som l\u00e5ter unga leda och ta ansvar. Redan fr\u00e5n f\u00f6rsta dagen fick jag b\u00f6rja tr\u00e4na ledarskap, leda och utveckla mig sj\u00e4lv och utvecklas tillsammans med mina kompisar i scoutgruppen, s\u00e4ger Marie.<\/div>\n<div>I somras samlades 40 000 scouter fr\u00e5n \u00f6ver 150 l\u00e4nder utanf\u00f6r Kristianstad f\u00f6r att delta i World Scout Jamboree, en m\u00f6tesplats d\u00e4r unga m\u00e4nniskor fick l\u00e4ra sig att f\u00f6rst\u00e5 v\u00e4rlden genom att uppleva den och genom att m\u00f6ta varandra. World Scout Jamboree arrangeras n\u00e5gonstans i v\u00e4rlden vart fj\u00e4rde \u00e5r. Deltagarna \u00e4r 14-17 \u00e5r och kommer fr\u00e5n hela v\u00e4rlden f\u00f6r att under n\u00e5gra veckor leva i ett t\u00e4ltsamh\u00e4lle av en storlek som kr\u00e4ver en infrastruktur, logistik och service som \u00e4r j\u00e4mf\u00f6rbar med en svensk sm\u00e5stad.<\/div>\n<div>\n<div id=\"attachment_852\" style=\"width: 310px\" class=\"wp-caption alignleft\"><a href=\"http:\/\/www.projektakademien.se\/pa\/wp-content\/uploads\/2011\/12\/Marie-Reinicke_3.jpg\"><img aria-describedby=\"caption-attachment-852\" loading=\"lazy\" title=\"MarieReinicke\" class=\"size-medium wp-image-852\" src=\"http:\/\/www.projektakademien.se\/pa\/wp-content\/uploads\/2011\/12\/Marie-Reinicke_3.jpg\" alt=\"\" width=\"300\" height=\"400\" \/><\/a><p id=\"caption-attachment-852\" class=\"wp-caption-text\">Marie Reinicke. Fotograf: Sven Antvik.<\/p><\/div>\n<\/div>\n<div>\u2013 Att f\u00e5 leda detta arbete har varit oerh\u00f6rt utmanande och utvecklande. Att leda genom f\u00f6red\u00f6me och genom en gemensam v\u00e4rdegrund \u00e4r det grundl\u00e4ggande i mitt ledarskap. Jag vill bidra d\u00e4r jag verkar, jag vill st\u00e5 f\u00f6r det jag representerar och jag tror p\u00e5 tydliga m\u00e5l och syften f\u00f6r att i en gemensam riktning kunna utveckla en verksamhet. Jag hoppas ocks\u00e5 att jag har inspirerat unga tjejer att v\u00e5ga leda, s\u00e4ger Marie.<\/div>\n<div>Marie \u00e4r uppvuxen i Harl\u00f6sa utanf\u00f6r Lund men bor numera i Link\u00f6ping. Hon \u00e4r utbildad personalvetare och har under 15 \u00e5r engagerat sig inom ideell sektor, fr\u00e4mst scoutr\u00f6relsen. Som 29-\u00e5ring blev hon den yngsta l\u00e4gerchefen n\u00e5gonsin och den enda kvinnan som hittills lett ett World Scout Jamboree. Hon har tillsammans med cirka 8 500 funktion\u00e4rer, varav 1 300 ingick i planeringsorganisationen, lagt ner 1,5 miljon ideella timmar under 4 \u00e5rs tid f\u00f6r att planera och genomf\u00f6ra l\u00e4gret. Som ordf\u00f6rande var hon ansvarig f\u00f6r helheten och ledde arbetet i l\u00e4gerkommitt\u00e9n. Arbetet innebar att skapa en organisationsstruktur och s\u00e4tta m\u00e5l f\u00f6r projektet, rekrytera och engagera medarbetare till planeringen och genomf\u00f6randet av ett tv\u00e5 veckor l\u00e5ngt l\u00e4ger. D\u00e4rmed var hon ocks\u00e5 med om att bygga upp en tillf\u00e4llig stad som blev den fj\u00e4rde st\u00f6rsta staden i Sk\u00e5ne och d\u00e4refter avveckla s\u00e5v\u00e4l staden som den organisation som byggts upp under de senaste \u00e5ren.<\/div>\n<\/div>\n<p>\n<a href=\"http:\/\/www.projektakademien.se\/pa\/wp-content\/uploads\/2012\/01\/Intervju-med-Marie-Reinicke-Slutmanus.pdf\">L\u00e4s Torbj\u00f6rn Wenells intervju med Marie Reinicke!<\/a><\/p>\n<div>\n<p>\u00c4ven \u00f6vriga nominerade till utm\u00e4rkelsen \u00c5rets Projektledare uppvisade detta \u00e5r utm\u00e4rkta prestationer och ett f\u00f6red\u00f6mligt ledarskap. Jonas Ekberg p\u00e5 Moment Projektkonsult AB nominerades f\u00f6r sitt arbete med att nystarta projektet 1177.se V\u00e5rden p\u00e5 webben, d\u00e4r han lyckades f\u00e5 med 21 landsting i arbetet med en gemensam v\u00e5rdportal. Yashar Moradbakhti p\u00e5 EA Digital Illusions Creative Entertainment (DICE) nominerades f\u00f6r sin coachande ledarstil och sin till\u00e4mpning av den agila projekthanteringsmetoden SCRUM i utvecklingen av Battlefield: Bad Company 2, som blev ett av Sveriges och v\u00e4rldens mest framg\u00e5ngsrika datorspel. Dan Edblom vid Volvo Truck Corporation nominerades f\u00f6r sitt framg\u00e5ngsrika och insiktsfulla arbete med att st\u00e4lla om och bygga ut produktionen vid fabriken i Tuve trots besv\u00e4rliga yttre omst\u00e4ndigheter.<\/p>\n<div>Sedan 1995 delar Svenska ProjektAkademien ut utm\u00e4rkelsen \u00c5rets Projektledare till personer som gjort utomordentliga projektledarg\u00e4rningar. Akademien g\u00f6r bed\u00f6mningen efter ledarskapets utf\u00f6rande, resultatet av genomf\u00f6rd verksamhet, projektets omfattning och komplexitet samt nyt\u00e4nkande i projektarbetet.<br \/>\nSvenska ProjektAkademien har till uppgift att fr\u00e4mja utvecklingen och till\u00e4mpningen av projektformen i svenskt arbetsliv. Bland akademiens ledam\u00f6ter finns tekniker, ekonomer, beteendevetare och humanister fr\u00e5n n\u00e4ringsliv, offentlig verksamhet, universitet och h\u00f6gskolor.<\/div>\n<\/div>\n<div><strong>Kontakt:<\/strong><\/div>\n<div>Marie Reinicke, \u00c5rets projektledare, 073-326 00 65<br \/>\nChristian Berggren, Svenska Projektakademien 070-370 00 81<br \/>\nG\u00f6ran H\u00e4gerdal, bitr generalsekreterare Svenska Scoutr\u00e5det och Executive director WSJ 2011, 070-149 15 00<\/div>\n<div>Pressreleasen finns i pdf-format <a href=\"http:\/\/www.projektakademien.se\/pa\/wp-content\/uploads\/2011\/11\/Pressmeddelande_\u00c5rets-projektledare_111123.pdf\">h\u00e4r<\/a>.<\/div>\n","protected":false},"excerpt":{"rendered":"<p>\u00c5rets projektledare 2011 byggde upp Sk\u00e5nes fj\u00e4rde st\u00f6rsta stad! Marie Reinicke f\u00e5r den 30 november 2011 utm\u00e4rkelsen \u201d\u00c5rets projektledare\u201d f\u00f6r sitt s\u00e4tt att leda World Scout Jamboree 2011. Under fyra \u00e5r har hon varit ett f\u00f6red\u00f6me och visat v\u00e4gen f\u00f6r hela organisationen med sammanlagt 8500 ideella funktion\u00e4rer. Hon \u00e4r den f\u00f6rsta kvinnan n\u00e5gonsin att leda [&hellip;]<\/p>\n","protected":false},"author":1,"featured_media":0,"parent":130,"menu_order":34,"comment_status":"open","ping_status":"open","template":"","meta":{"ngg_post_thumbnail":0},"categories":[1],"tags":[],"_links":{"self":[{"href":"https:\/\/www.projektakademien.se\/pa\/wp-json\/wp\/v2\/pages\/1201"}],"collection":[{"href":"https:\/\/www.projektakademien.se\/pa\/wp-json\/wp\/v2\/pages"}],"about":[{"href":"https:\/\/www.projektakademien.se\/pa\/wp-json\/wp\/v2\/types\/page"}],"author":[{"embeddable":true,"href":"https:\/\/www.projektakademien.se\/pa\/wp-json\/wp\/v2\/users\/1"}],"replies":[{"embeddable":true,"href":"https:\/\/www.projektakademien.se\/pa\/wp-json\/wp\/v2\/comments?post=1201"}],"version-history":[{"count":44,"href":"https:\/\/www.projektakademien.se\/pa\/wp-json\/wp\/v2\/pages\/1201\/revisions"}],"predecessor-version":[{"id":2627,"href":"https:\/\/www.projektakademien.se\/pa\/wp-json\/wp\/v2\/pages\/1201\/revisions\/2627"}],"up":[{"embeddable":true,"href":"https:\/\/www.projektakademien.se\/pa\/wp-json\/wp\/v2\/pages\/130"}],"wp:attachment":[{"href":"https:\/\/www.projektakademien.se\/pa\/wp-json\/wp\/v2\/media?parent=1201"}],"wp:term":[{"taxonomy":"category","embeddable":true,"href":"https:\/\/www.projektakademien.se\/pa\/wp-json\/wp\/v2\/categories?post=1201"},{"taxonomy":"post_tag","embeddable":true,"href":"https:\/\/www.projektakademien.se\/pa\/wp-json\/wp\/v2\/tags?post=1201"}],"curies":[{"name":"wp","href":"https:\/\/api.w.org\/{rel}","templated":true}]}}